{"id":1339,"date":"2020-12-22T07:33:31","date_gmt":"2020-12-22T07:33:31","guid":{"rendered":"https:\/\/delight.hr\/delight\/?page_id=1339"},"modified":"2024-07-03T06:38:45","modified_gmt":"2024-07-03T06:38:45","slug":"kampanje","status":"publish","type":"page","link":"https:\/\/delight.hr\/delight\/kampanje\/","title":{"rendered":"Kampanje"},"content":{"rendered":"\n\n\t\t\t\t<a href=\"https:\/\/delight.hr\/delight\/ljeto-2024\/\" target=\"_self\" itemprop=\"url\" rel=\"noopener\">\n\t\t\t\t<img loading=\"lazy\" decoding=\"async\" src=\"https:\/\/delight.hr\/delight\/wp-content\/uploads\/2024\/07\/Delight_01-1.jpg\" alt=\"Delight_01\" itemprop=\"image\" height=\"2250\" width=\"1800\" title=\"Delight_01\" onerror=\"this.style.display='none'\"  \/>\n\t\t\t\t<\/a>\n<h3><a href=\"https:\/\/delight.hr\/delight\/ljeto-2024\/\">ljeto 2024<\/a><\/h3>\n<p><b>LJETNA ELEGANCIJA U HALJINAMA DOMA\u0106EG BRENDA DELIGHT<\/b><\/p>\n\t\t\t\t<a href=\"https:\/\/delight.hr\/delight\/proljece-2024\/\" target=\"_self\" itemprop=\"url\" rel=\"noopener\">\n\t\t\t\t<img loading=\"lazy\" decoding=\"async\" src=\"https:\/\/delight.hr\/delight\/wp-content\/uploads\/2024\/04\/DeLight_01.jpg\" alt=\"DeLight_01\" itemprop=\"image\" height=\"1000\" width=\"714\" title=\"DeLight_01\" onerror=\"this.style.display='none'\"  \/>\n\t\t\t\t<\/a>\n<h3><a href=\"https:\/\/delight.hr\/delight\/proljece-2024\/\">prolje\u0107e 2024<\/a><\/h3>\n<p><i><b>Najljep\u0161i proljetni komadi za va\u017ene \u017eivotne trenutke dolaze iz kolekcije doma\u0107eg brenda DeLight<\/b>.<\/i><\/p>\n\t\t\t\t<a href=\"https:\/\/delight.hr\/delight\/proljece-2023\/\" target=\"_self\" itemprop=\"url\" rel=\"noopener\">\n\t\t\t\t<img loading=\"lazy\" decoding=\"async\" src=\"https:\/\/delight.hr\/delight\/wp-content\/uploads\/2023\/05\/DeLight_1-scaled.jpg\" alt=\"DeLight_1\" itemprop=\"image\" height=\"2560\" width=\"1707\" title=\"DeLight_1\" onerror=\"this.style.display='none'\"  \/>\n\t\t\t\t<\/a>\n<h3><a href=\"https:\/\/delight.hr\/delight\/proljece-2023\/\">prolje\u0107e 2023<\/a><\/h3>\n<p><i>Ova modna kampanja nije slu\u010dajno crno bijela.<\/i><\/p>\n\t\t\t\t<a href=\"https:\/\/delight.hr\/delight\/zima-2022\/\" target=\"_self\" itemprop=\"url\" rel=\"noopener\">\n\t\t\t\t<img loading=\"lazy\" decoding=\"async\" src=\"https:\/\/delight.hr\/delight\/wp-content\/uploads\/2022\/11\/DeLight-x-Fani_1_Kaput-Julia.jpg\" alt=\"DeLight-x-Fani_1_Kaput-Julia\" itemprop=\"image\" height=\"994\" width=\"663\" title=\"DeLight-x-Fani_1_Kaput-Julia\" onerror=\"this.style.display='none'\"  \/>\n\t\t\t\t<\/a>\n\t<h3><a href=\"https:\/\/delight.hr\/delight\/zima-2022\/\">Zima 2022<\/a><\/h3>\n<p><a href=\"https:\/\/delight.hr\/delight\/zima-2022\/\"><em>Prirodne tkanine, savr\u0161ena izrada i krojevi koji laskaju \u017eenskoj gra\u0111i, sve je to DeLight.<\/em><\/a><\/p>\n\t\t\t\t<a href=\"https:\/\/delight.hr\/delight\/jesen-2022\/\" target=\"_self\" itemprop=\"url\" rel=\"noopener\">\n\t\t\t\t<img loading=\"lazy\" decoding=\"async\" src=\"https:\/\/delight.hr\/delight\/wp-content\/uploads\/2022\/10\/delight01.jpg\" alt=\"delight01\" itemprop=\"image\" height=\"1500\" width=\"1000\" title=\"delight01\" onerror=\"this.style.display='none'\"  \/>\n\t\t\t\t<\/a>\n\t<h3><a href=\"https:\/\/delight.hr\/delight\/jesen-2022\/\">Jesen 2022<\/a><\/h3>\n<p><em><a href=\"https:\/\/delight.hr\/delight\/jesen-2022\/\">DeLight je odavno postao sinonim za kvalitetna i \u017eenstvena odijela, a jesenskom kampanjom slavi klasi\u010dnu i sna\u017enu jednostavnost, koja nikada ne izlazi iz mode.<\/a><\/em><\/p>\n\t\t\t\t<a href=\"https:\/\/delight.hr\/delight\/zima-2020-copy-copy-copy\/\" target=\"_self\" itemprop=\"url\" rel=\"noopener\">\n\t\t\t\t<img loading=\"lazy\" decoding=\"async\" src=\"https:\/\/delight.hr\/delight\/wp-content\/uploads\/2022\/07\/jelena1.jpg\" alt=\"jelena1\" itemprop=\"image\" height=\"1800\" width=\"1200\" title=\"jelena1\" onerror=\"this.style.display='none'\"  \/>\n\t\t\t\t<\/a>\n<h3><a href=\"https:\/\/delight.hr\/delight\/ljeto2022\/\">Ljeto 2022<\/a><\/h3>\n<p><a href=\"https:\/\/delight.hr\/delight\/ljeto2022\/\"><i>Haljine bez mane napravljene od najkvalitetnijih tkanina, idealne su za poslovne i elegantne prigode.<\/i><\/a><\/p>\n\t\t\t\t<a href=\"https:\/\/delight.hr\/delight\/proljece2022\/\" target=\"_self\" itemprop=\"url\" rel=\"noopener\">\n\t\t\t\t<img loading=\"lazy\" decoding=\"async\" src=\"https:\/\/delight.hr\/delight\/wp-content\/uploads\/2022\/04\/DeLight-4.jpg\" alt=\"DeLight-4\" itemprop=\"image\" height=\"2000\" width=\"1333\" title=\"DeLight-4\" onerror=\"this.style.display='none'\"  \/>\n\t\t\t\t<\/a>\n<h3><a href=\"https:\/\/delight.hr\/delight\/proljece2022\/\">Prolje\u0107e 2022.<\/a><\/h3>\n<p>Odijela i haljine u vibrantnim bojama, omiljeni su klasici u ormaru svake zaljubljenice u vje\u010dne komade koji nikada ne izlaze iz mode&#8230;<\/p>\n\t\t\t\t<a href=\"https:\/\/delight.hr\/delight\/jesenzima2021\/\" target=\"_self\" itemprop=\"url\" rel=\"noopener\">\n\t\t\t\t<img loading=\"lazy\" decoding=\"async\" src=\"https:\/\/delight.hr\/delight\/wp-content\/uploads\/2021\/11\/1.jpg\" alt=\"1\" itemprop=\"image\" height=\"1500\" width=\"1000\" title=\"1\" onerror=\"this.style.display='none'\"  \/>\n\t\t\t\t<\/a>\n<h3><a href=\"https:\/\/delight.hr\/delight\/jesenzima2021\/\">Jesen\/zima 2021.<\/a><\/h3>\n<p><a href=\"https:\/\/delight.hr\/delight\/jesenzima2021\/\">Brend vo\u0111en prije svega dobrom mi\u0161lju kako bi kaputi i odijela trebali biti dostupni svakoj dobi i gra\u0111i, u\u017eiva odu\u0161evljenje mnogih \u017eena, a kaputi i odijela nove kolekcije ponovo osvajaju svojim bezvremenskim krojevima i savr\u0161enom izradom&#8230;<\/a><\/p>\n\t\t\t\t<a href=\"https:\/\/delight.hr\/delight\/zima-2020-copy-copy-copy\/\" target=\"_self\" itemprop=\"url\" rel=\"noopener\">\n\t\t\t\t<img loading=\"lazy\" decoding=\"async\" src=\"https:\/\/delight.hr\/delight\/wp-content\/uploads\/2021\/04\/DSC9422-Edit-scaled.jpg\" alt=\"_DSC9422-Edit\" itemprop=\"image\" height=\"2560\" width=\"1708\" title=\"_DSC9422-Edit\" onerror=\"this.style.display='none'\"  \/>\n\t\t\t\t<\/a>\n<h3><a href=\"https:\/\/delight.hr\/delight\/zima-2020\/\">Prolje\u0107e 2021.<\/a><\/h3>\n<p><a href=\"https:\/\/delight.hr\/delight\/zima-2020-copy-copy-copy\/\">Poznat i prepoznat od strane brojnih obo\u017eavateljica kvalitete i bezvremenskih krojeva, DeLight u svojoj novoj liniji odijela, najavljuje najljep\u0161e prolje\u0107e do sada&#8230;<\/a><\/p>\n\t\t\t\t<a href=\"https:\/\/delight.hr\/delight\/zima-2020\/\" target=\"_self\" itemprop=\"url\" rel=\"noopener\">\n\t\t\t\t<img loading=\"lazy\" decoding=\"async\" src=\"https:\/\/delight.hr\/delight\/wp-content\/uploads\/2020\/12\/6DeLight-Nadia-scaled.jpg\" alt=\"6DeLight-Nadia\" itemprop=\"image\" height=\"2560\" width=\"1708\" title=\"6DeLight-Nadia\" onerror=\"this.style.display='none'\"  \/>\n\t\t\t\t<\/a>\n<h3><a href=\"https:\/\/delight.hr\/delight\/zima-2020\/\">Do\u010dek Nove godine 2021.<\/a><\/h3>\n<p><a href=\"https:\/\/delight.hr\/delight\/zima-2020\/\">Godina koja je na izmaku po mnogo\u010demu je utjecala na na\u0161e \u017eivote. Globalna pandemija pomrsila je svima planove, uzimala nam je komad po komad dijelove ustaljene svakodnevice, &#8220;otela&#8221; nam je i Advent, ali ne mora nam &#8220;ukrasti&#8221; Bo\u017ei\u0107 i do\u010dek Nove godine&#8230;<\/a><\/p>\n\t\t\t\t<a href=\"https:\/\/delight.hr\/delight\/zima-2020-copy\/\" target=\"_self\" itemprop=\"url\" rel=\"noopener\">\n\t\t\t\t<img loading=\"lazy\" decoding=\"async\" src=\"https:\/\/delight.hr\/delight\/wp-content\/uploads\/2020\/12\/DSC0857-Edit-1-scaled.jpg\" alt=\"_DSC0857-Edit\" itemprop=\"image\" height=\"2560\" width=\"1708\" title=\"_DSC0857-Edit\" onerror=\"this.style.display='none'\"  \/>\n\t\t\t\t<\/a>\n<h3><a href=\"https:\/\/delight.hr\/delight\/zima-2020-copy\/\">ZIMA 2020.<\/a><\/h3>\n<p><a href=\"https:\/\/delight.hr\/delight\/zima-2020-copy\/\">Ova kampanja je pokazatelj hrvatske kvalitete koja je uvijek prisutna, a Ana Begi\u0107 Tahiri odli\u010dno se sna\u0161la u ulozi modela i samim time podr\u017eala DeLight, za koji te\u0161ka i izazovna vremena nisu prepreka i opcija \u201eodustani&#8221; &#8211; ne postoji.<\/a><\/p>\n\t\t\t\t<a href=\"https:\/\/delight.hr\/delight\/zima-2020-copy-copy\/\" target=\"_self\" itemprop=\"url\" rel=\"noopener\">\n\t\t\t\t<img loading=\"lazy\" decoding=\"async\" src=\"https:\/\/delight.hr\/delight\/wp-content\/uploads\/2020\/12\/Haljina-Emma-scaled.jpg\" alt=\"Haljina-Emma\" itemprop=\"image\" height=\"2560\" width=\"1708\" title=\"Haljina-Emma\" onerror=\"this.style.display='none'\"  \/>\n\t\t\t\t<\/a>\n<h3><a href=\"https:\/\/delight.hr\/delight\/zima-2020-copy-copy\/\">JESEN 2020.<\/a><\/h3>\n<p><a href=\"https:\/\/delight.hr\/delight\/zima-2020-copy-copy\/\">Poput kameleona, ljepota svakog komada iz kolekcije je u tome \u0161to ga je mogu\u0107e nositi zasebno, a s druge strane, mogu\u0107e ga je uz neki detalj potpuno transformirati i prilagoditi odre\u0111enoj prigodi&#8230;<\/a><\/p>\n\n","protected":false},"excerpt":{"rendered":"<p>ljeto 2024 LJETNA ELEGANCIJA U HALJINAMA DOMA\u0106EG BRENDA DELIGHT prolje\u0107e 2024 Najljep\u0161i proljetni komadi za va\u017ene \u017eivotne trenutke dolaze iz kolekcije doma\u0107eg brenda DeLight. prolje\u0107e 2023 Ova modna kampanja nije slu\u010dajno crno bijela. Zima 2022 Prirodne tkanine, savr\u0161ena izrada i krojevi koji laskaju \u017eenskoj gra\u0111i, sve je to DeLight. Jesen 2022 DeLight je odavno postao [&hellip;]<\/p>\n","protected":false},"author":1,"featured_media":0,"parent":0,"menu_order":0,"comment_status":"closed","ping_status":"closed","template":"","meta":{"site-sidebar-layout":"default","site-content-layout":"default","ast-site-content-layout":"","site-content-style":"default","site-sidebar-style":"default","ast-global-header-display":"","ast-banner-title-visibility":"","ast-main-header-display":"","ast-hfb-above-header-display":"","ast-hfb-below-header-display":"","ast-hfb-mobile-header-display":"","site-post-title":"disabled","ast-breadcrumbs-content":"","ast-featured-img":"","footer-sml-layout":"","theme-transparent-header-meta":"default","adv-header-id-meta":"","stick-header-meta":"","header-above-stick-meta":"","header-main-stick-meta":"","header-below-stick-meta":"","astra-migrate-meta-layouts":"default","ast-page-background-enabled":"default","ast-page-background-meta":{"desktop":{"background-color":"","background-image":"","background-repeat":"repeat","background-position":"center center","background-size":"auto","background-attachment":"scroll","background-type":"","background-media":"","overlay-type":"","overlay-color":"","overlay-opacity":"","overlay-gradient":""},"tablet":{"background-color":"","background-image":"","background-repeat":"repeat","background-position":"center center","background-size":"auto","background-attachment":"scroll","background-type":"","background-media":"","overlay-type":"","overlay-color":"","overlay-opacity":"","overlay-gradient":""},"mobile":{"background-color":"","background-image":"","background-repeat":"repeat","background-position":"center center","background-size":"auto","background-attachment":"scroll","background-type":"","background-media":"","overlay-type":"","overlay-color":"","overlay-opacity":"","overlay-gradient":""}},"ast-content-background-meta":{"desktop":{"background-color":"var(--ast-global-color-5)","background-image":"","background-repeat":"repeat","background-position":"center center","background-size":"auto","background-attachment":"scroll","background-type":"","background-media":"","overlay-type":"","overlay-color":"","overlay-opacity":"","overlay-gradient":""},"tablet":{"background-color":"var(--ast-global-color-5)","background-image":"","background-repeat":"repeat","background-position":"center center","background-size":"auto","background-attachment":"scroll","background-type":"","background-media":"","overlay-type":"","overlay-color":"","overlay-opacity":"","overlay-gradient":""},"mobile":{"background-color":"var(--ast-global-color-5)","background-image":"","background-repeat":"repeat","background-position":"center center","background-size":"auto","background-attachment":"scroll","background-type":"","background-media":"","overlay-type":"","overlay-color":"","overlay-opacity":"","overlay-gradient":""}},"footnotes":""},"class_list":["post-1339","page","type-page","status-publish","hentry"],"_links":{"self":[{"href":"https:\/\/delight.hr\/delight\/wp-json\/wp\/v2\/pages\/1339","targetHints":{"allow":["GET"]}}],"collection":[{"href":"https:\/\/delight.hr\/delight\/wp-json\/wp\/v2\/pages"}],"about":[{"href":"https:\/\/delight.hr\/delight\/wp-json\/wp\/v2\/types\/page"}],"author":[{"embeddable":true,"href":"https:\/\/delight.hr\/delight\/wp-json\/wp\/v2\/users\/1"}],"replies":[{"embeddable":true,"href":"https:\/\/delight.hr\/delight\/wp-json\/wp\/v2\/comments?post=1339"}],"version-history":[{"count":27,"href":"https:\/\/delight.hr\/delight\/wp-json\/wp\/v2\/pages\/1339\/revisions"}],"predecessor-version":[{"id":1822,"href":"https:\/\/delight.hr\/delight\/wp-json\/wp\/v2\/pages\/1339\/revisions\/1822"}],"wp:attachment":[{"href":"https:\/\/delight.hr\/delight\/wp-json\/wp\/v2\/media?parent=1339"}],"curies":[{"name":"wp","href":"https:\/\/api.w.org\/{rel}","templated":true}]}}