{"id":1559,"date":"2021-11-10T13:25:49","date_gmt":"2021-11-10T13:25:49","guid":{"rendered":"https:\/\/delight.hr\/delight\/?page_id=1559"},"modified":"2022-10-26T19:35:51","modified_gmt":"2022-10-26T19:35:51","slug":"jesenzima2021","status":"publish","type":"page","link":"https:\/\/delight.hr\/delight\/jesenzima2021\/","title":{"rendered":"Jesen\/zima 2021"},"content":{"rendered":"\n\n\t\n<p>&nbsp;<\/p>\n\n<p>Jesen ve\u0107 neko vrijeme \u017eivi u svojoj punini, a ono \u0161to ona svake godine donese su uvijek savr\u0161eni komadi odje\u0107e bez kojih je ista &#8211; nezamisliva. Kaput je definitivno jedan od odjevnih predmeta, koji bi u ormaru trebala imati svaka \u017eena. Osim \u0161to grije, njegova pojava \u010desto plijeni pa\u017enju, djeluje sofisticirano i svakom stylingu daje dodatnu vrijednost. Za dobrim kaputom \u0107e se mnogi okrenuti, a pogotovo ako je njegova izrada vrhunska i ako je napravljen od kvalitetnih tkanina. To se jednostavno vidi, a upravo takvi kaputi popularnog doma\u0107eg brenda\u00a0<strong>DeLight<\/strong>, ve\u0107 godinama osvajaju srca mnogih zadovoljnih klijentica.<\/p>\n<p>Brend koji je svoju popularnost stekao upravo na vrhunskim prirodnim tkaninama poput ka\u0161mira, vune i devine dlake, preciznoj i kvalitetnoj izradi\u00a0\u00a0te krojevima koji pristaju svakoj gra\u0111i tijela, za ovu je zimu pripremio divne novitete kojima je te\u0161ko odoljeti. U novoj kolekciji, koja je kao i svake jeseni i zime &#8211; kruna kolekcije, prikazano je svo znanje, ekspertiza i dugogodi\u0161nje iskustvo.<\/p>\n<p><strong><em>Andrej<\/em><\/strong>\u00a0je ime najprepoznatljivijeg DeLight kaputa. Rije\u010d je o kaputu na vezanje bez kop\u010danja, koji ve\u0107 sezonama &#8216;grije&#8217; \u017eene koje \u017eele izgledati atraktivno, a pritom se \u017eele za\u0161titi od hladno\u0107e. Upravo je spoj funkcionalnosti i lijepog izgleda, &#8216;tajni sastojak&#8217; koji ga \u010dini toliko popularnim.<\/p>\n<p>Ove sezone u kolekciji se nalaze i 3 nova modela.\u00a0<strong><em>Bertilla<\/em><\/strong>\u00a0je jedan od njih, a posebnim ga \u010dine dvostruko kop\u010danje, nagla\u0161ena kragna i elegantna du\u017eina do koljena. Dostupan je plavoj, beige, crnoj i boji lavande. Kaput\u00a0<strong><em>Linda<\/em><\/strong>\u00a0novitet je koji \u0107e svojim jednorednim kop\u010danjem i remenom u struku osvojiti sve modrene klasi\u010darke jer mu je baza modificirana ina\u010dica balonera, ali u najfinijim zimskim tkaninama. Prekrasna smaragdno zelena, uvijek dobrodo\u0161la beige nijansa te nepogre\u0161iva tamno plava i siva s kariranim uzorkom, \u010dine ga savr\u0161enim modnim odabirom za ove hladnije dane. Tre\u0107i novitet je kaput\u00a0<strong><em>Angela\u00a0<\/em><\/strong>koji svojim profinjenim izgledom pristaje svakoj figuri te siluetu tijela \u010dini iznimno damskom. Dostupan je u veli\u010dinama od 38 do 48, krase ga klasi\u010dne i uvijek IN &#8211; crna i beige.<\/p>\n<p>Brend vo\u0111en prije svega dobrom mi\u0161lju kako bi kaputi i odijela trebali biti dostupni svakoj dobi i gra\u0111i, u\u017eiva odu\u0161evljenje sna\u017enih i samosvjesnih \u017eena i to je definitivno jedna od najboljih karakteristika koja ga isti\u010de na tr\u017ei\u0161tu. Kao i ina\u010de, kaputi su izra\u0111eni od luksuznih prirodnih tkanina, pri \u010demu postotak ka\u0161mira u svakom kaputu iznosi najmanje 20%, a svaki je kaput postavljen najfinijom viskoznom podstavom. \u0160to se ti\u010de sastava, bitno je istaknuti one najzastupljenije, a to su 70% vuna, 20% ka\u0161mir i 10% devina dlaka. Neki su napravljeni od\u00a0 50% vune i 50% ka\u0161mira, dok postoje i oni \u010diji je sastav 100% ka\u0161mir.<\/p>\n<p><em>\u201eKod stvaranja kolekcija uvijek se vodim time da izrada bude dovedena do savr\u0161enstva. Tkanine moraju biti isklju\u010divo prirodnog porijekla i da uz estetsku, bude ispunjena i primarna funkcija odje\u0107e, da \u0161titi od vanjskih vremenskih utjecaja. Nema smisla stvarati odje\u0107u koja nema ispunjena ta tri najbitnija faktora&#8221;<\/em>&#8211; isti\u010de vlasnik brenda, Ivan Fri\u0161\u010di\u0107.<\/p>\n<p>U ulozi za\u0161titnog lica zimske kolekcije, odli\u010dno se sna\u0161la glazbena diva &#8211;\u00a0<strong>Ivana Vrdoljak Vanna<\/strong>, koja je upravo jedna od obo\u017eavateljica DeLight krojeva te kojoj odijela zaista stoje kao salivena. Jo\u0161 jedna od prednosti brenda jest ta da je uz ponudu gotovih odijela mogu\u0107e naru\u010diti svoje odijelo po mjeri u svim konfekcijskim veli\u010dinama, a isto se odnosi i na kapute.<\/p>\n<p>Sva odijela izra\u0111ena su od prirodnih tkanina poput hladne vune, vune i svile te \u010diste vune. U kolekciji se nalaze i atraktivna odijela od eko ko\u017ee, koja su apsolutni hit i sofisticiranosti daju jedno potpuno novu dimenziju. Delight crni smoking krade pa\u017enju gdje god se nalazi, a pozitivne reakcije i odu\u0161evljenje koje izaziva, stekao je kod \u017eena diljem regije i ponovno je dostupan u novoj kolekciji. Prekrasno ga nose neke od najpoznatijih i najistaknutijih pripadnica hrvatskog dru\u0161tvenog \u017eivota.<\/p>\n<p>Lokacija kampanje je bio stari gra\u0111anski stan nastao na prijelazu iz 19.\u00a0u 20.\u00a0stolje\u0107e, koji je odabran kako bi se dodatno naglasilo ono \u0161to je bitno, a to je da se odje\u0107a iz DeLight kreativne radionice radi kako se i nekada radila &#8211; predano, kvalitetno i po pravilima struke. Za\u0161to? Kako bi trajala\u00a0 generacijama.<\/p>\n<p>Fotografije i postprodukciju fotografija kampanje potpisuje\u00a0<strong>Matea Smol\u010di\u0107 Sen\u010dar,<\/strong>\u00a0dok je za kreativno vodstvo i styling bio zadu\u017een\u00a0<strong>Davide Rossetti<\/strong>. Make-up je rad poznate viza\u017eistice\u00a0<strong>Sanje Agi\u0107<\/strong>.<\/p>\n<p>Hrvatska moda i doma\u0107i brendovi svakodnevno rastu, a Delight je jedan od onih koji osvaja svojom sofisticiranom jednostavno\u0161\u0107u, bezvremenskim krojevima i iznimnom kvalitetom na koju smo bili naviknuti u nekim minulim vremenima, a sada je ponovno u njoj mogu\u0107e svakodnevno u\u017eivati.<\/p>\n<p>Svi artikli prikazani u ovoj kampanji mogu se kupiti u DeLight trgovini u Vla\u0161koj 6.<\/p>\n\n\t<style type=\"text\/css\" scoped>.rbs_gallery_6a0814314fad9Spinner{\r\n\t\t\t\tmargin: 50px auto;\r\n\t\t\t\twidth: 50px;\r\n\t\t\t\theight: 40px;\r\n\t\t\t\ttext-align: center;\r\n\t\t\t\tfont-size: 10px;\r\n\t\t\t}\r\n\t\t\t.rbs_gallery_6a0814314fad9Spinner > div{\r\n\t\t\t  background-color: #333;\r\n\t\t\t  height: 100%;\r\n\t\t\t  width: 6px;\r\n\t\t\t  display: inline-block;\r\n\t\t\t  -webkit-animation: rbs_gallery_6a0814314fad9-stretchdelay 1.2s infinite ease-in-out;\r\n\t\t\t  animation: rbs_gallery_6a0814314fad9-stretchdelay 1.2s infinite ease-in-out;\r\n\t\t\t}\r\n\t\t\t.rbs_gallery_6a0814314fad9Spinner .rbs_gallery_6a0814314fad9Rect2 {\r\n\t\t\t  -webkit-animation-delay: -1.1s;\r\n\t\t\t  animation-delay: -1.1s;\r\n\t\t\t}\r\n\t\t\t.rbs_gallery_6a0814314fad9Spinner .rbs_gallery_6a0814314fad9Rect3 {\r\n\t\t\t  -webkit-animation-delay: -1.0s;\r\n\t\t\t  animation-delay: -1.0s;\r\n\t\t\t}\r\n\t\t\t.rbs_gallery_6a0814314fad9Spinner .rbs_gallery_6a0814314fad9Rect4 {\r\n\t\t\t  -webkit-animation-delay: -0.9s;\r\n\t\t\t  animation-delay: -0.9s;\r\n\t\t\t}\r\n\t\t\t.rbs_gallery_6a0814314fad9Spinner .rbs_gallery_6a0814314fad9Rect5 {\r\n\t\t\t  -webkit-animation-delay: -0.8s;\r\n\t\t\t  animation-delay: -0.8s;\r\n\t\t\t}\r\n\t\t\t@-webkit-keyframes rbs_gallery_6a0814314fad9-stretchdelay {\r\n\t\t\t  0%, 40%, 100% { -webkit-transform: scaleY(0.4) }  \r\n\t\t\t  20% { -webkit-transform: scaleY(1.0) }\r\n\t\t\t}\r\n\t\t\t@keyframes rbs_gallery_6a0814314fad9-stretchdelay {\r\n\t\t\t  0%, 40%, 100% { \r\n\t\t\t    transform: scaleY(0.4);\r\n\t\t\t    -webkit-transform: scaleY(0.4);\r\n\t\t\t  }  20% { \r\n\t\t\t    transform: scaleY(1.0);\r\n\t\t\t    -webkit-transform: scaleY(1.0);\r\n\t\t\t  }\r\n\t\t\t}\r\n\t\t<\/style><div class=\"robo-gallery-wrap robo-gallery-wrap-id1562 robo-gallery-grid\" ><div id=\"rbs_gallery_6a0814314fad9-block-loader\" class=\"rbs_gallery_6a0814314fad9Spinner\"><div class=\"rbs_gallery_6a0814314fad9Rect1\"><\/div> <div class=\"rbs_gallery_6a0814314fad9Rect2\"><\/div> <div class=\"rbs_gallery_6a0814314fad9Rect3\"><\/div> <div class=\"rbs_gallery_6a0814314fad9Rect4\"><\/div> <div class=\"rbs_gallery_6a0814314fad9Rect5\"><\/div><\/div><div id=\"robo_gallery_main_block_rbs_gallery_6a0814314fad9\" class=\"robogallery-gallery-1562\" style=\"width:100%;  display: none;\"><div id=\"rbs_gallery_6a0814314fad9\" data-options=\"rbs_gallery_6a0814314fad9\" style=\"width:100%;\" class=\"robo_gallery  \"><div class=\"rbs-img  category1562 \" ><div class=\"rbs-img-image   rbs-lightbox \" ><div class=\"rbs-img-thumbs\"  data-thumbnail=\"https:\/\/delight.hr\/delight\/wp-content\/uploads\/2021\/11\/1.jpg\"  title=\"1\"  data-width=\"1000\"  data-height=\"1500\" ><\/div><div class=\"rbs-img-data-popup\"  data-popup=\"https:\/\/delight.hr\/delight\/wp-content\/uploads\/2021\/11\/1.jpg\"  title=\"1\" ><\/div><div class=\"thumbnail-overlay\"><div class=\"rbsIcons\"><i class=\"fa fa-search-plus rbsZoomIcon \" ><\/i><\/div><\/div><\/div><\/div><div class=\"rbs-img  category1562 \" ><div class=\"rbs-img-image   rbs-lightbox \" ><div class=\"rbs-img-thumbs\"  data-thumbnail=\"https:\/\/delight.hr\/delight\/wp-content\/uploads\/2021\/11\/2.jpg\"  title=\"2\"  data-width=\"1000\"  data-height=\"1500\" ><\/div><div class=\"rbs-img-data-popup\"  data-popup=\"https:\/\/delight.hr\/delight\/wp-content\/uploads\/2021\/11\/2.jpg\"  title=\"2\" ><\/div><div class=\"thumbnail-overlay\"><div class=\"rbsIcons\"><i class=\"fa fa-search-plus rbsZoomIcon \" ><\/i><\/div><\/div><\/div><\/div><div class=\"rbs-img  category1562 \" ><div class=\"rbs-img-image   rbs-lightbox \" ><div class=\"rbs-img-thumbs\"  data-thumbnail=\"https:\/\/delight.hr\/delight\/wp-content\/uploads\/2021\/11\/3.jpg\"  title=\"3\"  data-width=\"1000\"  data-height=\"1500\" ><\/div><div class=\"rbs-img-data-popup\"  data-popup=\"https:\/\/delight.hr\/delight\/wp-content\/uploads\/2021\/11\/3.jpg\"  title=\"3\" ><\/div><div class=\"thumbnail-overlay\"><div class=\"rbsIcons\"><i class=\"fa fa-search-plus rbsZoomIcon \" ><\/i><\/div><\/div><\/div><\/div><div class=\"rbs-img  category1562 \" ><div class=\"rbs-img-image   rbs-lightbox \" ><div class=\"rbs-img-thumbs\"  data-thumbnail=\"https:\/\/delight.hr\/delight\/wp-content\/uploads\/2021\/11\/4.jpg\"  title=\"4\"  data-width=\"1000\"  data-height=\"1500\" ><\/div><div class=\"rbs-img-data-popup\"  data-popup=\"https:\/\/delight.hr\/delight\/wp-content\/uploads\/2021\/11\/4.jpg\"  title=\"4\" ><\/div><div class=\"thumbnail-overlay\"><div class=\"rbsIcons\"><i class=\"fa fa-search-plus rbsZoomIcon \" ><\/i><\/div><\/div><\/div><\/div><div class=\"rbs-img  category1562 \" ><div class=\"rbs-img-image   rbs-lightbox \" ><div class=\"rbs-img-thumbs\"  data-thumbnail=\"https:\/\/delight.hr\/delight\/wp-content\/uploads\/2021\/11\/5.jpg\"  title=\"5\"  data-width=\"1000\"  data-height=\"1500\" ><\/div><div class=\"rbs-img-data-popup\"  data-popup=\"https:\/\/delight.hr\/delight\/wp-content\/uploads\/2021\/11\/5.jpg\"  title=\"5\" ><\/div><div class=\"thumbnail-overlay\"><div class=\"rbsIcons\"><i class=\"fa fa-search-plus rbsZoomIcon \" ><\/i><\/div><\/div><\/div><\/div><div class=\"rbs-img  category1562 \" ><div class=\"rbs-img-image   rbs-lightbox \" ><div class=\"rbs-img-thumbs\"  data-thumbnail=\"https:\/\/delight.hr\/delight\/wp-content\/uploads\/2021\/11\/6.jpg\"  title=\"6\"  data-width=\"1000\"  data-height=\"1500\" ><\/div><div class=\"rbs-img-data-popup\"  data-popup=\"https:\/\/delight.hr\/delight\/wp-content\/uploads\/2021\/11\/6.jpg\"  title=\"6\" ><\/div><div class=\"thumbnail-overlay\"><div class=\"rbsIcons\"><i class=\"fa fa-search-plus rbsZoomIcon \" ><\/i><\/div><\/div><\/div><\/div><div class=\"rbs-img  category1562 \" ><div class=\"rbs-img-image   rbs-lightbox \" ><div class=\"rbs-img-thumbs\"  data-thumbnail=\"https:\/\/delight.hr\/delight\/wp-content\/uploads\/2021\/11\/7.jpg\"  title=\"7\"  data-width=\"1000\"  data-height=\"1500\" ><\/div><div class=\"rbs-img-data-popup\"  data-popup=\"https:\/\/delight.hr\/delight\/wp-content\/uploads\/2021\/11\/7.jpg\"  title=\"7\" ><\/div><div class=\"thumbnail-overlay\"><div class=\"rbsIcons\"><i class=\"fa fa-search-plus rbsZoomIcon \" ><\/i><\/div><\/div><\/div><\/div><div class=\"rbs-img  category1562 \" ><div class=\"rbs-img-image   rbs-lightbox \" ><div class=\"rbs-img-thumbs\"  data-thumbnail=\"https:\/\/delight.hr\/delight\/wp-content\/uploads\/2021\/11\/8.jpg\"  title=\"8\"  data-width=\"1000\"  data-height=\"1500\" ><\/div><div class=\"rbs-img-data-popup\"  data-popup=\"https:\/\/delight.hr\/delight\/wp-content\/uploads\/2021\/11\/8.jpg\"  title=\"8\" ><\/div><div class=\"thumbnail-overlay\"><div class=\"rbsIcons\"><i class=\"fa fa-search-plus rbsZoomIcon \" ><\/i><\/div><\/div><\/div><\/div><div class=\"rbs-img  category1562 \" ><div class=\"rbs-img-image   rbs-lightbox \" ><div class=\"rbs-img-thumbs\"  data-thumbnail=\"https:\/\/delight.hr\/delight\/wp-content\/uploads\/2021\/11\/9.jpg\"  title=\"9\"  data-width=\"1000\"  data-height=\"1500\" ><\/div><div class=\"rbs-img-data-popup\"  data-popup=\"https:\/\/delight.hr\/delight\/wp-content\/uploads\/2021\/11\/9.jpg\"  title=\"9\" ><\/div><div class=\"thumbnail-overlay\"><div class=\"rbsIcons\"><i class=\"fa fa-search-plus rbsZoomIcon \" ><\/i><\/div><\/div><\/div><\/div><div class=\"rbs-img  category1562 \" ><div class=\"rbs-img-image   rbs-lightbox \" ><div class=\"rbs-img-thumbs\"  data-thumbnail=\"https:\/\/delight.hr\/delight\/wp-content\/uploads\/2021\/11\/10.jpg\"  title=\"10\"  data-width=\"1000\"  data-height=\"1500\" ><\/div><div class=\"rbs-img-data-popup\"  data-popup=\"https:\/\/delight.hr\/delight\/wp-content\/uploads\/2021\/11\/10.jpg\"  title=\"10\" ><\/div><div class=\"thumbnail-overlay\"><div class=\"rbsIcons\"><i class=\"fa fa-search-plus rbsZoomIcon \" ><\/i><\/div><\/div><\/div><\/div><div class=\"rbs-img  category1562 \" ><div class=\"rbs-img-image   rbs-lightbox \" ><div class=\"rbs-img-thumbs\"  data-thumbnail=\"https:\/\/delight.hr\/delight\/wp-content\/uploads\/2021\/11\/11.jpg\"  title=\"11\"  data-width=\"1000\"  data-height=\"1500\" ><\/div><div class=\"rbs-img-data-popup\"  data-popup=\"https:\/\/delight.hr\/delight\/wp-content\/uploads\/2021\/11\/11.jpg\"  title=\"11\" ><\/div><div class=\"thumbnail-overlay\"><div class=\"rbsIcons\"><i class=\"fa fa-search-plus rbsZoomIcon \" ><\/i><\/div><\/div><\/div><\/div><\/div><\/div><\/div><script>var rbs_gallery_6a0814314fad9 = {\"version\":\"3.2.20\",\"id\":1562,\"class\":\"id1562\",\"roboGalleryDelay\":1000,\"mainContainer\":\"#robo_gallery_main_block_rbs_gallery_6a0814314fad9\",\"loadingContainer\":\"#rbs_gallery_6a0814314fad9-block-loader\",\"loadingContainerObj\":\"rbs_gallery_6a0814314fad9-block-loader\",\"columnWidth\":\"auto\",\"columns\":3,\"resolutions\":[{\"columnWidth\":\"auto\",\"columns\":3,\"maxWidth\":960},{\"columnWidth\":\"auto\",\"columns\":2,\"maxWidth\":650},{\"columnWidth\":\"auto\",\"columns\":1,\"maxWidth\":450}],\"lightboxOptions\":{\"gallery\":{\"enabled\":true,\"tCounter\":\"%curr% of %total%\"}},\"overlayEffect\":\"direction-aware-fade\",\"boxesToLoadStart\":12,\"boxesToLoad\":8,\"waitUntilThumbLoads\":1,\"LoadingWord\":\"Loading...\",\"loadMoreWord\":\"Load More\",\"noMoreEntriesWord\":\"No More Entries\",\"horizontalSpaceBetweenBoxes\":15,\"verticalSpaceBetweenBoxes\":15,\"lazyLoad\":1,\"wrapContainer\":\"#robo-gallery-wrap-rbs_gallery_6a0814314fad9\"};<\/script>\n\n","protected":false},"excerpt":{"rendered":"<p>&nbsp; Jesen ve\u0107 neko vrijeme \u017eivi u svojoj punini, a ono \u0161to ona svake godine donese su uvijek savr\u0161eni komadi odje\u0107e bez kojih je ista &#8211; nezamisliva. Kaput je definitivno jedan od odjevnih predmeta, koji bi u ormaru trebala imati svaka \u017eena. Osim \u0161to grije, njegova pojava \u010desto plijeni pa\u017enju, djeluje sofisticirano i svakom stylingu [&hellip;]<\/p>\n","protected":false},"author":1,"featured_media":0,"parent":0,"menu_order":0,"comment_status":"closed","ping_status":"closed","template":"","meta":{"site-sidebar-layout":"default","site-content-layout":"page-builder","ast-site-content-layout":"","site-content-style":"default","site-sidebar-style":"default","ast-global-header-display":"","ast-banner-title-visibility":"","ast-main-header-display":"","ast-hfb-above-header-display":"","ast-hfb-below-header-display":"","ast-hfb-mobile-header-display":"","site-post-title":"disabled","ast-breadcrumbs-content":"","ast-featured-img":"","footer-sml-layout":"","theme-transparent-header-meta":"default","adv-header-id-meta":"","stick-header-meta":"","header-above-stick-meta":"","header-main-stick-meta":"","header-below-stick-meta":"","astra-migrate-meta-layouts":"default","ast-page-background-enabled":"default","ast-page-background-meta":{"desktop":{"background-color":"","background-image":"","background-repeat":"repeat","background-position":"center center","background-size":"auto","background-attachment":"scroll","background-type":"","background-media":"","overlay-type":"","overlay-color":"","overlay-opacity":"","overlay-gradient":""},"tablet":{"background-color":"","background-image":"","background-repeat":"repeat","background-position":"center center","background-size":"auto","background-attachment":"scroll","background-type":"","background-media":"","overlay-type":"","overlay-color":"","overlay-opacity":"","overlay-gradient":""},"mobile":{"background-color":"","background-image":"","background-repeat":"repeat","background-position":"center center","background-size":"auto","background-attachment":"scroll","background-type":"","background-media":"","overlay-type":"","overlay-color":"","overlay-opacity":"","overlay-gradient":""}},"ast-content-background-meta":{"desktop":{"background-color":"var(--ast-global-color-5)","background-image":"","background-repeat":"repeat","background-position":"center center","background-size":"auto","background-attachment":"scroll","background-type":"","background-media":"","overlay-type":"","overlay-color":"","overlay-opacity":"","overlay-gradient":""},"tablet":{"background-color":"var(--ast-global-color-5)","background-image":"","background-repeat":"repeat","background-position":"center center","background-size":"auto","background-attachment":"scroll","background-type":"","background-media":"","overlay-type":"","overlay-color":"","overlay-opacity":"","overlay-gradient":""},"mobile":{"background-color":"var(--ast-global-color-5)","background-image":"","background-repeat":"repeat","background-position":"center center","background-size":"auto","background-attachment":"scroll","background-type":"","background-media":"","overlay-type":"","overlay-color":"","overlay-opacity":"","overlay-gradient":""}},"footnotes":""},"class_list":["post-1559","page","type-page","status-publish","hentry"],"_links":{"self":[{"href":"https:\/\/delight.hr\/delight\/wp-json\/wp\/v2\/pages\/1559","targetHints":{"allow":["GET"]}}],"collection":[{"href":"https:\/\/delight.hr\/delight\/wp-json\/wp\/v2\/pages"}],"about":[{"href":"https:\/\/delight.hr\/delight\/wp-json\/wp\/v2\/types\/page"}],"author":[{"embeddable":true,"href":"https:\/\/delight.hr\/delight\/wp-json\/wp\/v2\/users\/1"}],"replies":[{"embeddable":true,"href":"https:\/\/delight.hr\/delight\/wp-json\/wp\/v2\/comments?post=1559"}],"version-history":[{"count":4,"href":"https:\/\/delight.hr\/delight\/wp-json\/wp\/v2\/pages\/1559\/revisions"}],"predecessor-version":[{"id":1575,"href":"https:\/\/delight.hr\/delight\/wp-json\/wp\/v2\/pages\/1559\/revisions\/1575"}],"wp:attachment":[{"href":"https:\/\/delight.hr\/delight\/wp-json\/wp\/v2\/media?parent=1559"}],"curies":[{"name":"wp","href":"https:\/\/api.w.org\/{rel}","templated":true}]}}