{"id":1625,"date":"2022-04-25T10:19:50","date_gmt":"2022-04-25T10:19:50","guid":{"rendered":"https:\/\/delight.hr\/delight\/?page_id=1625"},"modified":"2022-04-25T10:28:47","modified_gmt":"2022-04-25T10:28:47","slug":"izjava-o-privatnost","status":"publish","type":"page","link":"https:\/\/delight.hr\/delight\/izjava-o-privatnost\/","title":{"rendered":"Izjava o privatnost"},"content":{"rendered":"\n\n\t<h2>OP\u0106I UVJETI ZA\u0160TITE OSOBNIH PODATAKA<\/h2>\n<p>Naziv: Aman Design j.d.o.o. za usluge<\/p>\n<p>Skra\u0107eni naziv: Aman design j.d.o.o.<\/p>\n<p>Sjedi\u0161te: Maksimirska cesta 76, 10000 Zagreb, Republika Hrvatska<\/p>\n<p>E-mail: <a href=\"mailto:delight@delight.hr\">delight@delight.hr<\/a><\/p>\n<p>Broj telefona: +385 1 203 4187<\/p>\n<p>Broj mobitela: +385 91 1111 187<\/p>\n<p>Poslovna banka i broj \u017eiro ra\u010duna: IBAN: HR2723400091110909703, Privredna banka Zagreb d.d., Zagreb<\/p>\n<p>MBS: 081036572<\/p>\n<p>OIB:33258785229<\/p>\n<p>Datum: 01.12.2020.<\/p>\n<p><strong>UVODNE ODREDBE<\/strong><\/p>\n<p>Ovi Uvjeti utvr\u0111uju odgovoran i transparentan okvir za osiguravanje uskla\u0111enosti s Op\u0107om uredbom o za\u0161titi osobnih podataka.<\/p>\n<p>Uvjeti se primjenjuju na sve organizacijske dijelove Aman Design j.d.o.o za usluge (u daljnjem tekstu VODITELJ OBRADE) te na sve zaposlenike, uklju\u010duju\u0107i honorarne djelatnike i privremene radnike jednako kao i na sve vanjske suradnike koji djeluju u ime voditelja obrade.<\/p>\n<p><strong>Izjava o Uvjetima za\u0161tite osobnih podataka<\/strong><\/p>\n<p>Voditelj obrade posve\u0107en je poslovanju u skladu sa svim zakonima, regulativama te najvi\u0161im standardima eti\u010dnog poslovanja.<\/p>\n<p>Ova Izjava iznosi odredbe o\u010dekivanog opho\u0111enja zaposlenika voditelja obrade i njegovih vanjskih suradnika koji se bave prikupljanjem, upotrebom, \u010duvanjem, prijenosom, objavljivanjem ili uni\u0161tavanjem bilo kakvih osobnih podataka koji pripadaju zaposlenicima, poslovnim partnerima voditelja obrade i drugim fizi\u010dkim osobama. Svrha politike je standardizacija za\u0161tite prava i sloboda ispitanika o\u010duvanjem privatnosti njegovih osobnih podataka u svim aspektima poslovanja voditelja obrade koji uklju\u010duju osobne podatke. Ovom Izjavom utvr\u0111uje se da Aman Design j.d.o.o za usluge ne\u0107e neovla\u0161teno otkrivati osobne podatke tre\u0107oj strani, niti postupati na na\u010din koji ih ugro\u017eava.<\/p>\n<p><strong>NA\u010cELA OBRADE OSOBNIH PODATAKA<\/strong><\/p>\n<p>Voditelj obrade usvaja sljede\u0107a na\u010dela kojih ce se dr\u017eati pri prikupljanju, kori\u0161tenju, zadr\u017eavanju, prijenosu i uni\u0161tavanju osobnih podataka:<\/p>\n<ul>\n<li>LEGITIMNOST<\/li>\n<li>PRAVEDNOST i<\/li>\n<li>TRANSPARENTNOST<\/li>\n<\/ul>\n<p>Osobni podaci obra\u0111ivat ce se legitimno, pravedno i transparentno spram ispitanika. To zna\u010di da \u0107e voditelj obrade u svim relevantnim situacijama izvijestiti ispitanika o tome kako ce obra\u0111ivati podatke (transparentnost), a obrada ce se vr\u0161iti isklju\u010divo u skladu s time \u0161to je re\u010deno (pravednost) i u skladu sa svrhom koja je propisana u primjenjivom Zakonu o za\u0161titi osobnih podataka (legitimnost).<\/p>\n<p><strong>OGRANI\u010cENJE SVRHE<\/strong><\/p>\n<p>Osobni podaci prikupljat \u0107e se za jasno definirane i legitimne svrhe te se ne\u0107e obra\u0111ivati ni na koji na\u010din koji nije u skladu s tim svrhama. To zna\u010di da voditelj obrade mora jasno navesti za \u0161to \u0107e se koristiti prikupljeni podaci te ograni\u010diti procese obrade osobnih podataka na isklju\u010divo one procese koji su potrebni da bi se ostvarile te svrhe.<\/p>\n<p><strong>MINIMIZACIJA PODATAKA<\/strong><\/p>\n<p>Prikupljeni osobni podaci bit \u0107e relevantni i ograni\u010deni na ono \u0161to je nu\u017eno za postizanje svrhe njihove obrade. To zna\u010di da voditelj obrade ne\u0107e prikupljati, obra\u0111ivati ni pohranjivati vi\u0161e osobnih podataka no \u0161to je nu\u017eno potrebno.<\/p>\n<p><strong>TO\u010cNOST PODATAKA<\/strong><\/p>\n<p>Prikupljeni osobni podaci bit ce to\u010dni i a\u017eurni, \u0161to znaci da \u0107e voditelj obrade imati razvijene procedure za otkrivanje i rje\u0161avanje zastarjelih, neto\u010dnih i nepotrebnih osobnih podataka.<\/p>\n<p><strong>OPREZNA POHRANA PODATAKA<\/strong><\/p>\n<p>Osobni podaci ne\u0107e se \u010duvati u obliku koji omogu\u0107ava identifikaciju ispitanika dulje no \u0161to je to potrebno za svrhu obrade. To zna\u010di da \u0107e voditelj obrade, gdje god je to mogu\u0107e, \u010duvati osobne podatke na na\u010din koji ograni\u010dava ili spre\u010dava identifikaciju ispitanika.<\/p>\n<p><strong>SIGURNOST PODATAKA<\/strong><\/p>\n<p>Osobni podaci \u0107e se obra\u0111ivati i pohranjivati na na\u010din koji osigurava odgovaraju\u0107u za\u0161titu od povreda poput neovla\u0161tene i nezakonite obrade te slu\u010dajnog gubitka, uni\u0161tenja ili o\u0161te\u0107enja podataka. Voditelj obrade ce implementirati prikladne tehnolo\u0161ke i organizacijske mjere opisane u Uvjetima za\u0161tite sigurnosti osobnih podataka kako bi u svakom trenutku osigurao cjelovitost i povjerljivost osobnih podataka.<\/p>\n<p><strong>PRIVATNOST UGRA\u00d0ENA U DIZAJN SUSTAVA<\/strong><\/p>\n<p>Prilikom dizajniranja novih te pri pregledu i pro\u0161irenju postoje\u0107ih sustava i procesa voditelja obrade, vodit ce se briga o primjeni svih ovih na\u010dela kako bi se maksimalno za\u0161titila privatnost ispitanika.<\/p>\n<p><strong>PRAVA ISPITANIKA<\/strong><\/p>\n<p>Svi ispitanici \u010diji se podaci prikupljaju i obra\u0111uju od strane voditelja obrade, imaju sljede\u0107a prava:<\/p>\n<p><strong>&#8211; PRAVO NA PRISTUP INFORMACIJAMA<\/strong><\/p>\n<p>Svaki ispitanik ima pravo na kopiju podataka koje voditelj obrade posjeduje u svojoj arhivi u svrhu uvida. Osim prava na uvid u vlastite podatke, ispitanik ima i pravo na informaciju o:<\/p>\n<ul>\n<li>svrsi obrade i pravnoj osnovi za obradu<\/li>\n<li>legitimnom interesu, ako se na njemu temelji obrada<\/li>\n<li>vrstama i kategorijama prikupljenih osobnih podataka<\/li>\n<li>tre\u0107im stranama kojima se podaci proslje\u0111uju<\/li>\n<li>roku \u010duvanja podataka<\/li>\n<li>izvoru osobnih podataka, ako nisu prikupljeni od ispitanika<\/li>\n<\/ul>\n<p>Sve informacije ispitaniku trebaju biti dostavljene jasnim i jednostavnim jezikom, kako bi osigurali razumijevanje, te moraju biti jasno nazna\u010dene i vidljive kako ih ispitanik ne bi previdio.<\/p>\n<p>Postoji mogu\u0107nost da pru\u017eanje zatra\u017eenih informacija ispitaniku mo\u017ee otkriti informacije o drugoj osobi. U takvim je slu\u010dajevima potrebno te podatke anonimizirati ili posve uskratiti kako bi se za\u0161titila prava te osobe.<\/p>\n<p><strong>&#8211; PRAVO NA ISPRAVAK PODATAKA<\/strong><\/p>\n<p>Svaki ispitanik ima pravo na ispravak neto\u010dnih ili nepotpunih podataka koje voditelj obrade posjeduje u svojoj arhivi.<\/p>\n<ul>\n<li><strong>PRAVO NA ZABORAV<\/strong><\/li>\n<\/ul>\n<p>Ispitanici mogu zatra\u017eiti da se podaci o njima uklone iz arhive. Zahtjev ce biti uzet na razmatranje i bit ce mu udovoljeno ukoliko se ne protivi pravnoj osnovi obrade osobnih podataka.<\/p>\n<p><strong>&#8211; PRAVO NA OGRANI\u010cAVANJE OBRADE<\/strong><\/p>\n<p>Ispitanici imaju pravo na ograni\u010davanje opsega obrade, u slu\u010dajevima u kojima je to primjenjivo.<\/p>\n<p><strong>&#8211; PRAVO NA PRIJENOS PODATAKA<\/strong><\/p>\n<p>Ispitanici imaju pravo na kopiju podataka radi prijenosa drugom voditelju obrade.<\/p>\n<p><strong>&#8211; PRAVO NA PRIGOVOR<\/strong><\/p>\n<p>Ispitanici imaju pravo na prigovor, posebno u slu\u010daju kad se obrada temelji na legitimnom interesu voditelja obrade. Tada je potrebno napraviti reviziju svrhe obrade i ustanoviti njenu pravnu osnovu te u slu\u010dajevima kada je to primjenjivo, omogu\u0107iti ispitaniku povla\u010denje privole za obradu podataka i\/ili prestanak obrade njegovih podataka.<\/p>\n<p><strong>&#8211; PRAVO NA PROCJENU<\/strong><\/p>\n<p>Ispitanici imaju pravo tra\u017eiti od nadzornog tijela procjenu kr\u0161enja odredbi Uredbe i internih politika voditelja obrade.<\/p>\n<p><strong>&#8211; PRAVO NA PRIGOVOR NA PROFILIRANJE<\/strong><\/p>\n<p>Ispitanici imaju pravo na prigovor na automatsko profiliranje i druge oblike automatiziranog dono\u0161enja odluka.<\/p>\n<p>U slu\u010daju da voditelj obrade odbije zahtjev ispitanika, u odgovoru ce biti naveden razlog odbijanja, na kojeg se ispitanici mogu \u017ealiti nadle\u017enom tijelu za za\u0161titu osobnih podataka (AZOP-u).<\/p>\n<p><strong>PRAVNA OSNOVA<\/strong><\/p>\n<p>Pravne osnove za prikupljanje i obradu osobnih podataka ispitanika su sljede\u0107e:<\/p>\n<p><strong>-ZAKONSKA OBVEZA<\/strong><\/p>\n<p>Zakoni kojima se ure\u0111uje poslovanje obveznika propisuju skupove podataka koji su nu\u017eni za izvr\u0161enje zakonske obveze. Za prikupljanje i obradu podataka propisanih zakonima, voditelj obrade ne\u0107e tra\u017eiti privolu od ispitanika, ali ce prikupljati samo podatke propisane zakonom i ne\u0107e ih koristiti u druge svrhe. Ovo se posebno odnosi na podatke prikupljene temeljem sljede\u0107ih zakona i njima pripadaju\u0107ih pravilnika me\u0111u kojima izdvajamo:<\/p>\n<ul>\n<li>Zakon o ra\u010dunovodstvu<\/li>\n<li>Zakon o porezu na dodanu vrijednost<\/li>\n<li>Zakon o porezu na dohodak<\/li>\n<li>Zakon o radu<\/li>\n<li>Pravilnik o sadr\u017eaju i na\u010dinu vo\u0111enja evidencije o radnicima<\/li>\n<\/ul>\n<p><strong>&#8211; IZVR\u0160ENJE UGOVORNE OBVEZE<\/strong><\/p>\n<p>Osobne podatke potrebne za ispunjenje ugovorne obveze voditelj obrade ce prikupljati bez privole ispitanika, u minimalnom obimu koji je nu\u017ean za izvr\u0161enje obveze.<\/p>\n<p><strong>&#8211; LEGITIMNI INTERES<\/strong><\/p>\n<p>Voditelj obrade u daljnjem ce tekstu objaviti popis svojih legitimnih interesa na temelju kojih prikuplja i obra\u0111uje osobne podatke u svrhu omogu\u0107avanja i\/ili unapre\u0111enja svojih usluga ili proizvoda.<\/p>\n<p><strong>&#8211; ZA\u0160TITA VITALNIH INTERESA ISPITANIKA<\/strong><\/p>\n<p>Voditelj obrade mo\u017ee prikupljati i obra\u0111ivati osobne podatke bez privole ispitanika ukoliko je to u svrhu za\u0161tite njegovih vitalnih interesa.<\/p>\n<p><strong>&#8211; JAVNI INTERES ILI IZVR\u0160ENJE SLU\u017dBENE OVLASTI VODITELJA OBRADE:<\/strong><\/p>\n<p>U slu\u010daju kada djelatnost voditelja obrade obuhva\u0107a djelovanje u ime javnog interesa ili se obrada podataka temelji na drugoj vrsti slu\u017ebene ovlasti, nije uvijek nu\u017eno obavijestiti ispitanika o prikupljanju osobnih podataka.<\/p>\n<p><strong>-PRIVOLA:<\/strong><\/p>\n<p>U svim ostalim slu\u010dajevima, voditelj obrade tra\u017eit ce privolu od ispitanika za prikupljanje i obradu osobnih podataka u kojoj ce svrha obrade biti jasno navedena. Ispitanik u svakom trenutku mo\u017ee povuci privolu i time njegovi podaci moraju automatski biti uklonjeni i obrada prekinuta.<\/p>\n<p>Voditelj obrade vodit ce evidenciju aktivnih i povu\u010denih privola u svrhu osiguravanja ispravnosti poslovanja.<\/p>\n<p><strong>LEGITIMNI INTERES<\/strong><\/p>\n<p>Voditelj obrade objavljuje slijede\u0107e legitimne interese:<\/p>\n<p><strong>&#8211; ZA\u0160TITA OSOBNIH PODATAKA GDPR<\/strong><\/p>\n<p>Zagreb, 01.12.2020.<\/p>\n<p>Ispitanici imaju pravo na prigovor na obrade osobnih podataka koje se temelje na ovim legitimnim interesima.<\/p>\n<p><strong>POJMOVI I DEFINICIJE:<\/strong><\/p>\n<p>&#8211; OP\u0106A UREDBA O ZA\u0160TITI OSOBNIH PODATAKA (GDPR)<\/p>\n<p>Op\u0107a uredba o za\u0161titi osobnih podataka (GDPR) (Regulation (EU) 2016\/679) je uredba kojom Europski parlament, Vije\u0107e Europske unije i Europska komisija namjeravaju oja\u010dati i objediniti procese za\u0161tite osobnih podataka svih pojedinaca unutar Europske unije (EU). Uredba se tako\u0111er odnosi na izno\u0161enje osobnih podataka van EU.<\/p>\n<p>&#8211; VODITELJ OBRADE<\/p>\n<p>Subjekt koji utvr\u0111uje svrhu, uvjete i na\u010din obrade osobnih podataka.<\/p>\n<p>&#8211; IZVR\u0160ITELJ OBRADE<\/p>\n<p>Subjekt koji provodi obradu podataka u ime voditelja obrade.<\/p>\n<p>&#8211; AGENCIJA ZA ZA\u0160TITU OSOBNIH PODATAKA<\/p>\n<p>Dr\u017eavna agencija \u010diji je zadatak \u0161tititi podatke i privatnost, nadgledati procese primjene Uredbe, te aktivno provoditi Uredbu o za\u0161titi osobnih podataka unutar Europske unije.<\/p>\n<p>&#8211; SLU\u017dBENIK ZA ZA\u0160TITU OSOBNIH PODATAKA<\/p>\n<p>Stru\u010dnjak za za\u0161titu podataka koji samostalno djeluje kako bi osigurao da poslovni entitet djeluje u skladu s politikama i procedurama koje su postavljene na temelju Uredbe.<\/p>\n<p>&#8211; ISPITANIK<\/p>\n<p>Fizi\u010dka osoba \u010dije osobne podatke obra\u0111uju voditelj ili izvr\u0161itelj obrade podataka.<\/p>\n<p>&#8211; OSOBNI PODATAK<\/p>\n<p>Bilo koja informacija koja se dovodi u vezu s fizi\u010dkom osobom, tj. ispitanikom i koja se mo\u017ee koristiti za izravno ili neizravno identificiranje osobe.<\/p>\n<p>&#8211; OBRADA OSOBNIH PODATAKA<\/p>\n<p>Bilo koja djelatnost koja se provodi nad osobnim podacima, automatska ili ne, koja uklju\u010duje prikupljanje, upotrebu, izradu zapisa i sli\u010dno.<\/p>\n<p>&#8211; PROFILIRANJE<\/p>\n<p>Svaka automatizirana obrada podataka u svrhu procjene, analize ili predvi\u0111anja pona\u0161anja ispitanika<\/p>\n<p>&#8211; PRAVO PRISTUPA ISPITANIKA<\/p>\n<p>Poznato kao &#8216;pravo pristupa&#8217;, omogu\u0107uje ispitaniku pristup osobnim podacima koji ga se ti\u010du i koji su u posjedu voditelja obrade.<\/p>\n<p>Zakonska regulativa<\/p>\n<p>Uredba (EU) 2016\/679 Europskog parlamenta i Vije\u0107a od 27. travnja 2016. o za\u0161titi pojedinaca u vezi s obradom osobnih podataka i o slobodnom kretanju takvih podataka te o stavljanju izvan snage Direktive 95\/46\/EZ (Op\u0107a uredba o za\u0161titi podataka)<\/p>\n<p>Zakon o provedbi Op\u0107e uredbe o za\u0161titi podataka.<\/p>\n<p><strong>INFORMACIJE O ZA\u0160TITI PODATAKA<\/strong><\/p>\n<p>Aman Design j.d.o.o. kao voditelj obrade osobne podatke prikuplja radi sklapanja i ispunjenja ugovora o kupoprodaji, dostave proizvoda izrade dokumentacije vezane za kupoprodaju, tehnic\u030cke podrs\u030cke te autorizacije plac\u0301anja putem kreditnih i debitnih kartica za s\u030cto je pravna osnova odre\u0111ena c\u030clankom 6. stavkom 1. toc\u030cka b) Opc\u0301e uredbe o zas\u030ctiti podataka odnosno obrada je nuz\u030cna za izvrs\u030cavanje ugovora u kojem je ispitanik stranka ili kako bi se poduzele radnje na zahtjev ispitanika prije sklapanja ugovora te nadalje obra\u0111uje osobne podatke radi evidencije ostvarenih narudz\u030cbi kupaca, jedinstvene identifikacija korisnika, analize poslovanja za s\u030cto je osnova odre\u0111ena c\u030clankom 6. stavkom 1. toc\u030cka f) Opc\u0301e uredbe o zas\u030ctiti podataka jer obrada je nuz\u030cna za potrebe legitimnih interesa poboljs\u030canja poslovanja i prilago\u0111avanja proizvodnje prepoznavanja potreba trz\u030cis\u030cta a u posebnim sluc\u030cajevima ukoliko ste nam za to dali valjanu privolu tada Vas\u030ce kontaktne podatke moz\u030cemo koristiti i za potrebe izravnog marketinga za s\u030cto je pravna osnova odre\u0111ena c\u030clankom 6. toc\u030cka 1.toc\u030cka a ) ispitanik je dao privolu za obradu svojih osobnih podataka u jednu ili vis\u030ce posebnih svrha.<\/p>\n<p>Stupanjem na snagu ove izjave o privatnosti moguc\u0301e je da c\u0301e dosadas\u030cnji korisnici dobiti od nas mail kojim traz\u030cimo od Njih da potvrde svoju suglasnost na primanje obavijesti s na\u0161e strane putem pos\u030cte, telefona, sms porukom ili e-porukom i to iz razloga jer ne moz\u030cemo potvrditi ili iz arhive pronac\u0301i toc\u030cno nac\u030cin na koji su nam Njihovu adresu ustupili, pa Ih stoga molimo da ukoliko z\u030cele i dalje primati od nas marketins\u030cke ponude tada c\u0301e trebati jasno i nedvojbeno za isto dati nam i privolu jer u suprotnom nec\u0301emo biti u moguc\u0301nosti daljnje Ih o istom obavjes\u030ctavati.<\/p>\n<p>Ako korisnik ima bilo kakvih pitanja vezanih uz zas\u030ctitu osobnih podataka, moz\u030ce se obratiti izravno Aman Design j.d.o.o. na adresu Maksimirska 76, 10000 Zagreb ili pak na adresu nas\u030cega sluz\u030cbenika za zas\u030ctitu osobnih podataka mailom: <a href=\"mailto:ivan@delight.hr\">ivan@delight.hr<\/a><\/p>\n<p>Korisnik kao ispitanik odgovoran je i obvezan prije svakog davanja osobnih podataka pregledati i prouc\u030citi www.delight.hr.<\/p>\n<p><strong>OSOBNI PODACI KOJI SE OBRA\u0110UJU I KORI\u0160TENJE OSOBNIH PODATAKA<\/strong><\/p>\n<p>Na internetskoj stranici www.delight.hr Aman Design j.d.o.o. prikuplja sljedec\u0301e osobne podatke ispitanika:<\/p>\n<ul>\n<li>Ime i prezime<\/li>\n<li>Lozinku<\/li>\n<li>Broj telefona<\/li>\n<li>Adresu<\/li>\n<li>Adresu e-po\u0161te<\/li>\n<li>Adresu slanja proizvoda<\/li>\n<li>Adresu slanja ra\u010duna<\/li>\n<li>Po\u0161tanski broj<\/li>\n<li>Grad<\/li>\n<li>Spol<\/li>\n<li>Datum ro\u0111enja<\/li>\n<li>Naziv i OIB tvrtke (ukoliko je potrebno)<\/li>\n<\/ul>\n<p>Uvid u osobne podatke korisnika mogu imati, u izvrs\u030cavanju svoga djelokruga posla vezano za ugovore o kupoprodaji koje kupci sklapaju sa Aman Design j.d.o.o. slijedec\u0301e osobe: pravne osobe koje sudjeluju u izvrs\u030cavanju ugovora o kupoprodaji kao s\u030cto su dostavne sluz\u030cbe, knjigovodstveni servisi, informatic\u030cka podrs\u030cka, i sl. sa kojima paz\u030cljivo utvr\u0111ujemo i obujam i pitanje zas\u030ctite osobnih podataka kroz ugovorne odnose.<\/p>\n<p>Aman Design j.d.o.o. navedene podatke moz\u030ce davati trec\u0301im osobama u svrhu: izvrs\u030cavanja ugovora, zas\u030ctite interesa korisnika i Aman Design j.d.o.o. te sprjec\u030cavanja eventualnih zloporaba, potrebe s\u030cto boljeg uvida i razumijevanja pojedinac\u030cnih potreba i zahtjeva korisnika kao i razvijanja moguc\u0301nosti s\u030cto kvalitetnijeg pruz\u030canja svih usluga Aman Design j.d.o.o. koji za rezultat imaju povec\u0301anje zadovoljstva korisnika, a za s\u030cto je pravna osnova legitiman interes voditelja obrade opisan c\u030clankom 6. stavkom 1. toc\u030cka f) Opc\u0301e uredbe o zas\u030ctiti podataka.<\/p>\n<p><strong>POHRANA OSOBNIH PODATAKA<\/strong><\/p>\n<p>Aman Design j.d.o.o. c\u0301e osigurati da se osobni podaci korisnika drz\u030ce na sigurnom mjestu (koje ukljuc\u030cuje razumnu administrativnu, tehnic\u030cku i fizic\u030cku zas\u030ctitu kako bi se onemoguc\u0301ilo neovlas\u030cteno koris\u030ctenje, pristup, razotkrivanje, kopiranje ili izmjena osobnih podataka), kojem mogu pristupiti samo ovlas\u030ctene osobe Aman Design j.d.o.o.<\/p>\n<p>Aman Design j.d.o.o. ne biljez\u030ci niti ne pohranjuje transakcijske podatke korisnika potrebne za plac\u0301anje putem kartica. Aman Design j.d.o.o. c\u0301e c\u030cuvati osobne podatke onoliko koliko je to potrebno za svrhe predvi\u0111ene posebnim zakonskim propisima (npr. podatke o financijskim transakcijama temeljem zakona o rac\u030cunovodstvu c\u030cuvamo 11 godina) ili do opoziva prava na koris\u030ctenje kada je to z\u030celja ispitanika a isto se ne kosi sa zakonskim propisima.<\/p>\n<p>Voditelj zbirke osobnih podataka poduzeo je tehnic\u030cke, kadrovske i organizacijske mjere zas\u030ctite osobnih podataka koje su potrebne da bi se osobni podaci zas\u030ctitili od sluc\u030cajnog gubitka ili unis\u030ctenja i od nedopus\u030ctenog pristupa, nedopus\u030ctene promjene, nedopus\u030ctenog objavljivanja te svake druge zlouporabe i utvrdio je obvezu osoba koje su zaposlene u obradi podataka na potpisivanje izjave o povjerljivosti.<\/p>\n<p>Za svako od ovih Vas\u030cih prava moz\u030cete se obratiti nas\u030cem sluz\u030cbeniku za zas\u030ctitu podataka na mail: <a href=\"mailto:ivan@delight.hr\">ivan@delight.hr<\/a>.<\/p>\n<p>Nas\u030c odgovor dobiti c\u0301ete najkasnije u roku od 30 dana od dana podnos\u030cenja zahtjeva.<\/p>\n<p><strong>ZA\u0160TITA PODATAKA<\/strong><\/p>\n<p>Aman Design j.d.o.o. iznimno drz\u030ci do zas\u030ctite osobnih podataka i poduzeo je razlic\u030cite mjere opreza u svrhu zas\u030ctite osobnih podataka korisnika. Korisnik osobnim podacima na web stranici www.delight.hr moz\u030ce pristupiti pomoc\u0301u lozinke i adrese e-pos\u030cte.<\/p>\n<p><strong>LINKOVI NA DRUGE WEB STRANICE<\/strong><\/p>\n<p>Ova Izjava o zas\u030ctiti podataka odnosi se samo na upotrebu i koris\u030ctenje podataka koje Aman Design j.d.o.o. prikuplja od ispitanika.<\/p>\n<p>Druge web stranice kojima se moz\u030ce pristupiti putem web stranice www.delight.hr imaju vlastite izjave o povjerljivosti i politike privatnosti. Ako preko web stranice www.delight.hr korisnik posjeti jednu ili vis\u030ce drugih web stranica, Aman Design j.d.o.o. preporuc\u030cuje korisnicima da pregledaju izjavu o povjerljivosti podataka te stranice jer Aman Design j.d.o.o. nije odgovoran za nac\u030cine i uvjete rada na drugim web stranicama.<\/p>\n<p><strong>PROMJENE OP\u0106IH UVJETA ZA\u0160TITE OSOBNIH PODATAKA<\/strong><\/p>\n<p>Aman Design j.d.o.o. moz\u030ce izmijeniti ovu Izjavu o zas\u030ctiti osobnih podataka u bilo kojem trenutku objavljivanjem izmijenjenog teksta na web stranici www.delight.hr. Izmjene i dopune Opc\u0301ih uvjeta zas\u030ctite osobnih podataka stupaju na snagu odmah po objavi na web stranici www.delight.hr te se stoga preporuc\u030cuje da se korisnici informiraju o vaz\u030cec\u0301oj politici privatnosti u trenutku posjete stranici.<\/p>\n\n","protected":false},"excerpt":{"rendered":"<p>OP\u0106I UVJETI ZA\u0160TITE OSOBNIH PODATAKA Naziv: Aman Design j.d.o.o. za usluge Skra\u0107eni naziv: Aman design j.d.o.o. Sjedi\u0161te: Maksimirska cesta 76, 10000 Zagreb, Republika Hrvatska E-mail: delight@delight.hr Broj telefona: +385 1 203 4187 Broj mobitela: +385 91 1111 187 Poslovna banka i broj \u017eiro ra\u010duna: IBAN: HR2723400091110909703, Privredna banka Zagreb d.d., Zagreb MBS: 081036572 OIB:33258785229 Datum: [&hellip;]<\/p>\n","protected":false},"author":1,"featured_media":0,"parent":0,"menu_order":0,"comment_status":"closed","ping_status":"closed","template":"","meta":{"site-sidebar-layout":"default","site-content-layout":"default","ast-site-content-layout":"","site-content-style":"default","site-sidebar-style":"default","ast-global-header-display":"","ast-banner-title-visibility":"","ast-main-header-display":"","ast-hfb-above-header-display":"","ast-hfb-below-header-display":"","ast-hfb-mobile-header-display":"","site-post-title":"disabled","ast-breadcrumbs-content":"","ast-featured-img":"","footer-sml-layout":"","theme-transparent-header-meta":"default","adv-header-id-meta":"","stick-header-meta":"","header-above-stick-meta":"","header-main-stick-meta":"","header-below-stick-meta":"","astra-migrate-meta-layouts":"default","ast-page-background-enabled":"default","ast-page-background-meta":{"desktop":{"background-color":"","background-image":"","background-repeat":"repeat","background-position":"center center","background-size":"auto","background-attachment":"scroll","background-type":"","background-media":"","overlay-type":"","overlay-color":"","overlay-opacity":"","overlay-gradient":""},"tablet":{"background-color":"","background-image":"","background-repeat":"repeat","background-position":"center center","background-size":"auto","background-attachment":"scroll","background-type":"","background-media":"","overlay-type":"","overlay-color":"","overlay-opacity":"","overlay-gradient":""},"mobile":{"background-color":"","background-image":"","background-repeat":"repeat","background-position":"center center","background-size":"auto","background-attachment":"scroll","background-type":"","background-media":"","overlay-type":"","overlay-color":"","overlay-opacity":"","overlay-gradient":""}},"ast-content-background-meta":{"desktop":{"background-color":"var(--ast-global-color-5)","background-image":"","background-repeat":"repeat","background-position":"center center","background-size":"auto","background-attachment":"scroll","background-type":"","background-media":"","overlay-type":"","overlay-color":"","overlay-opacity":"","overlay-gradient":""},"tablet":{"background-color":"var(--ast-global-color-5)","background-image":"","background-repeat":"repeat","background-position":"center center","background-size":"auto","background-attachment":"scroll","background-type":"","background-media":"","overlay-type":"","overlay-color":"","overlay-opacity":"","overlay-gradient":""},"mobile":{"background-color":"var(--ast-global-color-5)","background-image":"","background-repeat":"repeat","background-position":"center center","background-size":"auto","background-attachment":"scroll","background-type":"","background-media":"","overlay-type":"","overlay-color":"","overlay-opacity":"","overlay-gradient":""}},"footnotes":""},"class_list":["post-1625","page","type-page","status-publish","hentry"],"_links":{"self":[{"href":"https:\/\/delight.hr\/delight\/wp-json\/wp\/v2\/pages\/1625","targetHints":{"allow":["GET"]}}],"collection":[{"href":"https:\/\/delight.hr\/delight\/wp-json\/wp\/v2\/pages"}],"about":[{"href":"https:\/\/delight.hr\/delight\/wp-json\/wp\/v2\/types\/page"}],"author":[{"embeddable":true,"href":"https:\/\/delight.hr\/delight\/wp-json\/wp\/v2\/users\/1"}],"replies":[{"embeddable":true,"href":"https:\/\/delight.hr\/delight\/wp-json\/wp\/v2\/comments?post=1625"}],"version-history":[{"count":3,"href":"https:\/\/delight.hr\/delight\/wp-json\/wp\/v2\/pages\/1625\/revisions"}],"predecessor-version":[{"id":1632,"href":"https:\/\/delight.hr\/delight\/wp-json\/wp\/v2\/pages\/1625\/revisions\/1632"}],"wp:attachment":[{"href":"https:\/\/delight.hr\/delight\/wp-json\/wp\/v2\/media?parent=1625"}],"curies":[{"name":"wp","href":"https:\/\/api.w.org\/{rel}","templated":true}]}}