{"id":1663,"date":"2022-07-01T08:18:59","date_gmt":"2022-07-01T08:18:59","guid":{"rendered":"https:\/\/delight.hr\/delight\/?page_id=1663"},"modified":"2022-07-01T08:26:38","modified_gmt":"2022-07-01T08:26:38","slug":"ljeto2022","status":"publish","type":"page","link":"https:\/\/delight.hr\/delight\/ljeto2022\/","title":{"rendered":"Ljeto 2022"},"content":{"rendered":"\n\n\t<p><strong>LJETNA KOLEKCIJA KOJA ODI\u0160E PROZRA\u010cNOM \u017dENSTVENO\u0160\u0106U &#8211; DELIGHT BY IVAN FRI\u0160\u010cI\u0106<\/strong><\/p>\n<p><strong>\u00a0<\/strong><\/p>\n<p><em>Haljine bez mane napravljene od najkvalitetnijih tkanina, idealne su za poslovne i elegantne prigode.<\/em><\/p>\n<p><em>\u00a0<\/em><\/p>\n<p>Visoke ljetne temperature zavladale su gradskim ulicama, \u0161to zna\u010di da je pravo vrijeme za nadopunu garderobe novim odjevnim predmetima. Narednih nekoliko mjeseci svatko \u0107e te\u017eiti laganijoj i prozra\u010dnijoj odje\u0107i u kojoj se s lako\u0107om mogu obavljati svakodnevne aktivnosti. No, kada je rije\u010d o poslovnim i elegantnim prigodama u kojima svatko voli zablistati u najboljem izdanju, modni radar pronalazi samo one najbolje komade u kojima se svaka \u017eena osje\u0107a poput prave dive.<\/p>\n<p>Primjerke koji odgovaraju svim \u017eeljama dugogodi\u0161njih klijentica i donose eleganciju u ljetne mjesece pred nama, lansirao je i doma\u0107i brend DeLight by Ivan Fri\u0161\u010di\u0107, koji direktno i indirektno poti\u010de razvoj doma\u0107e proizvodnje i poduzetni\u0161tva. Poznat po kvalitetnoj izradi odje\u0107e od pomno biranih tkanina, iz sezone u sezonu zaljubljenicama u modu servira vje\u010dite klasike kojima je uistinu te\u0161ko odoljeti. Upravo zato, brojne dame u svojim ormarima posjeduju odje\u0107u s potpisom doma\u0107eg modnog dizajnera, koja im daje dodatan osje\u0107aj mo\u0107i i samopouzdanja. Posebnost brenda jest individualan pristup svakoj klijentici i potpuna posve\u0107enost svakom komadu odje\u0107e jer izrada odje\u0107e po mjeri jest dodatna vrijednost i ekskluzivnost koja brend \u010dini posebnim i prepoznatljivim.<\/p>\n<p>Stavljaju\u0107i u prvi plan eleganciju, kolekcijom prevladavaju pamu\u010dne haljine koje su izra\u0111ene od najfinijih pamu\u010dnih \u0161trikanih tkanja i prvi su izbor ve\u0107ini dama u ljetnim mjesecima. Idealne su za ljetna dru\u017eenja, vjen\u010danja ili dnevne obveze koje nose najtopliji mjeseci, a njihova je prednost to \u0161to imaju idealnu du\u017einu rukava i d\u017eepove koji pridonose lako\u0107i kori\u0161tenja. Dolaze u midi i kratkim izdanjima, napravljene od prirodne luksuzne tkanine bez umjetnih vlakana i idealne su za ljeto i tople dane. Ukra\u0161ene su vrpcama koje se ve\u017eu oko struka i samim time krojevi laskaju \u017eenskoj figuri, a dolaze u boji lavande, pastelno ru\u017ei\u010dastoj, pastelno zelenoj, plavoj i crnoj. Samo koji modni dodatak poput nakita, torbice ili lijepih cipela i u svakoj ovoj haljini, savr\u0161en stajling je zagarantiran. Radilo se o sve\u010danijoj ili le\u017eernijoj prigodi, to ovisi o vama. Razli\u010ditost ove kolekcije u odnosu na dosada\u0161nje kolekcije le\u017ei u tome \u0161to kolekcijom prevladavaju haljine, a ne odijela koja su za\u0161titni znak brenda. U kolekciji se nalazi samo jedan sako koji je izra\u0111en od tkanine satkane od lana i pamuka.<\/p>\n<p>Sam dizajner i stilist &#8211; Ivan Fri\u0161\u010di\u0107, slijedi slow fashion koncept, \u0161to zna\u010di da su kolekcije limitirane, proizvodi se komad po veli\u010dini, \u010de\u0161\u0107e su izmjene kolekcija u trgovini uz ekskluzivnost i malene koli\u010dine te je mala mogu\u0107nost da \u0107ete sresti nekog tko nosi isti komad. Kao inspiracija je poslu\u017eila nesputanost i le\u017eernost koju nam donose predstoje\u0107i ljetni mjeseci, a kampanja je snimljena u prirodnom okru\u017eenju ljetne \u0161umske idile.<\/p>\n<p>Lice nove ljetne kampanje je poznata voditeljica Jelena Gli\u0161i\u0107, koja je i sama zaljubljenica u kreacije doma\u0107eg brenda ve\u0107 dugi niz godina te su upravo vje\u010diti klasici osvojili njezino srce na prvu. &#8221;Budu\u0107i da sam uvijek sre\u0111ena, uz odijela, \u010desto nosim haljine s DeLight potpisom, pogotovo u ljetnim mjesecima jer se u njima osje\u0107am poletno i uvijek dotjerano. Obo\u017eavam kvalitetne materijale i to je ne\u0161to \u0161to mi je izrazito bitno&#8221; &#8211; rekla je Jelena.<\/p>\n<p>Za \u010dudesne fotografije zadu\u017eena je Matea Smol\u010di\u0107 Sen\u010dar, make-up Mihaela Dodi\u0107, a za frizuru Danijela Pu\u0161elji\u0107 iz salona Kosa &amp; Partneri. Nova kolekcija je pravi modni must-have, a mo\u017eete je nabaviti u trgovini na adresi Vla\u0161ka 6.<\/p>\n\t<style type=\"text\/css\" scoped>.rbs_gallery_6a0813d4abd53Spinner{\r\n\t\t\t\tmargin: 50px auto;\r\n\t\t\t\twidth: 50px;\r\n\t\t\t\theight: 40px;\r\n\t\t\t\ttext-align: center;\r\n\t\t\t\tfont-size: 10px;\r\n\t\t\t}\r\n\t\t\t.rbs_gallery_6a0813d4abd53Spinner > div{\r\n\t\t\t  background-color: #333;\r\n\t\t\t  height: 100%;\r\n\t\t\t  width: 6px;\r\n\t\t\t  display: inline-block;\r\n\t\t\t  -webkit-animation: rbs_gallery_6a0813d4abd53-stretchdelay 1.2s infinite ease-in-out;\r\n\t\t\t  animation: rbs_gallery_6a0813d4abd53-stretchdelay 1.2s infinite ease-in-out;\r\n\t\t\t}\r\n\t\t\t.rbs_gallery_6a0813d4abd53Spinner .rbs_gallery_6a0813d4abd53Rect2 {\r\n\t\t\t  -webkit-animation-delay: -1.1s;\r\n\t\t\t  animation-delay: -1.1s;\r\n\t\t\t}\r\n\t\t\t.rbs_gallery_6a0813d4abd53Spinner .rbs_gallery_6a0813d4abd53Rect3 {\r\n\t\t\t  -webkit-animation-delay: -1.0s;\r\n\t\t\t  animation-delay: -1.0s;\r\n\t\t\t}\r\n\t\t\t.rbs_gallery_6a0813d4abd53Spinner .rbs_gallery_6a0813d4abd53Rect4 {\r\n\t\t\t  -webkit-animation-delay: -0.9s;\r\n\t\t\t  animation-delay: -0.9s;\r\n\t\t\t}\r\n\t\t\t.rbs_gallery_6a0813d4abd53Spinner .rbs_gallery_6a0813d4abd53Rect5 {\r\n\t\t\t  -webkit-animation-delay: -0.8s;\r\n\t\t\t  animation-delay: -0.8s;\r\n\t\t\t}\r\n\t\t\t@-webkit-keyframes rbs_gallery_6a0813d4abd53-stretchdelay {\r\n\t\t\t  0%, 40%, 100% { -webkit-transform: scaleY(0.4) }  \r\n\t\t\t  20% { -webkit-transform: scaleY(1.0) }\r\n\t\t\t}\r\n\t\t\t@keyframes rbs_gallery_6a0813d4abd53-stretchdelay {\r\n\t\t\t  0%, 40%, 100% { \r\n\t\t\t    transform: scaleY(0.4);\r\n\t\t\t    -webkit-transform: scaleY(0.4);\r\n\t\t\t  }  20% { \r\n\t\t\t    transform: scaleY(1.0);\r\n\t\t\t    -webkit-transform: scaleY(1.0);\r\n\t\t\t  }\r\n\t\t\t}\r\n\t\t<\/style><div class=\"robo-gallery-wrap robo-gallery-wrap-id1652 robo-gallery-masonry\" ><div id=\"rbs_gallery_6a0813d4abd53-block-loader\" class=\"rbs_gallery_6a0813d4abd53Spinner\"><div class=\"rbs_gallery_6a0813d4abd53Rect1\"><\/div> <div class=\"rbs_gallery_6a0813d4abd53Rect2\"><\/div> <div class=\"rbs_gallery_6a0813d4abd53Rect3\"><\/div> <div class=\"rbs_gallery_6a0813d4abd53Rect4\"><\/div> <div class=\"rbs_gallery_6a0813d4abd53Rect5\"><\/div><\/div><div id=\"robo_gallery_main_block_rbs_gallery_6a0813d4abd53\" class=\"robogallery-gallery-1652\" style=\"width:100%;  display: none;\"><div id=\"rbs_gallery_6a0813d4abd53\" data-options=\"rbs_gallery_6a0813d4abd53\" style=\"width:100%;\" class=\"robo_gallery  \"><div class=\"rbs-img  category1652 \" ><div class=\"rbs-img-image   rbs-lightbox \" ><div class=\"rbs-img-thumbs\"  data-thumbnail=\"https:\/\/delight.hr\/delight\/wp-content\/uploads\/2022\/07\/jelena1-600x1024.jpg\"  title=\"jelena1\"  data-width=\"600\"  data-height=\"1024\" ><\/div><div class=\"rbs-img-data-popup\"  data-popup=\"https:\/\/delight.hr\/delight\/wp-content\/uploads\/2022\/07\/jelena1.jpg\"  title=\"jelena1\" ><\/div><div class=\"thumbnail-overlay\"><div class=\"rbsIcons\"><i class=\"fa fa-plus rbsZoomIcon \" ><\/i><\/div><\/div><\/div><\/div><div class=\"rbs-img  category1652 \" ><div class=\"rbs-img-image   rbs-lightbox \" ><div class=\"rbs-img-thumbs\"  data-thumbnail=\"https:\/\/delight.hr\/delight\/wp-content\/uploads\/2022\/07\/jelena2.jpg\"  title=\"jelena2\"  data-width=\"1200\"  data-height=\"1800\" ><\/div><div class=\"rbs-img-data-popup\"  data-popup=\"https:\/\/delight.hr\/delight\/wp-content\/uploads\/2022\/07\/jelena2.jpg\"  title=\"jelena2\" ><\/div><div class=\"thumbnail-overlay\"><div class=\"rbsIcons\"><i class=\"fa fa-plus rbsZoomIcon \" ><\/i><\/div><\/div><\/div><\/div><div class=\"rbs-img  category1652 \" ><div class=\"rbs-img-image   rbs-lightbox \" ><div class=\"rbs-img-thumbs\"  data-thumbnail=\"https:\/\/delight.hr\/delight\/wp-content\/uploads\/2022\/07\/jelena3-600x1024.jpg\"  title=\"jelena3\"  data-width=\"600\"  data-height=\"1024\" ><\/div><div class=\"rbs-img-data-popup\"  data-popup=\"https:\/\/delight.hr\/delight\/wp-content\/uploads\/2022\/07\/jelena3.jpg\"  title=\"jelena3\" ><\/div><div class=\"thumbnail-overlay\"><div class=\"rbsIcons\"><i class=\"fa fa-plus rbsZoomIcon \" ><\/i><\/div><\/div><\/div><\/div><div class=\"rbs-img  category1652 \" ><div class=\"rbs-img-image   rbs-lightbox \" ><div class=\"rbs-img-thumbs\"  data-thumbnail=\"https:\/\/delight.hr\/delight\/wp-content\/uploads\/2022\/07\/jelena4-600x1024.jpg\"  title=\"jelena4\"  data-width=\"600\"  data-height=\"1024\" ><\/div><div class=\"rbs-img-data-popup\"  data-popup=\"https:\/\/delight.hr\/delight\/wp-content\/uploads\/2022\/07\/jelena4.jpg\"  title=\"jelena4\" ><\/div><div class=\"thumbnail-overlay\"><div class=\"rbsIcons\"><i class=\"fa fa-plus rbsZoomIcon \" ><\/i><\/div><\/div><\/div><\/div><div class=\"rbs-img  category1652 \" ><div class=\"rbs-img-image   rbs-lightbox \" ><div class=\"rbs-img-thumbs\"  data-thumbnail=\"https:\/\/delight.hr\/delight\/wp-content\/uploads\/2022\/07\/jelena5-600x1024.jpg\"  title=\"jelena5\"  data-width=\"600\"  data-height=\"1024\" ><\/div><div class=\"rbs-img-data-popup\"  data-popup=\"https:\/\/delight.hr\/delight\/wp-content\/uploads\/2022\/07\/jelena5.jpg\"  title=\"jelena5\" ><\/div><div class=\"thumbnail-overlay\"><div class=\"rbsIcons\"><i class=\"fa fa-plus rbsZoomIcon \" ><\/i><\/div><\/div><\/div><\/div><div class=\"rbs-img  category1652 \" ><div class=\"rbs-img-image   rbs-lightbox \" ><div class=\"rbs-img-thumbs\"  data-thumbnail=\"https:\/\/delight.hr\/delight\/wp-content\/uploads\/2022\/07\/jelena6-600x1024.jpg\"  title=\"jelena6\"  data-width=\"600\"  data-height=\"1024\" ><\/div><div class=\"rbs-img-data-popup\"  data-popup=\"https:\/\/delight.hr\/delight\/wp-content\/uploads\/2022\/07\/jelena6.jpg\"  title=\"jelena6\" ><\/div><div class=\"thumbnail-overlay\"><div class=\"rbsIcons\"><i class=\"fa fa-plus rbsZoomIcon \" ><\/i><\/div><\/div><\/div><\/div><div class=\"rbs-img  category1652 \" ><div class=\"rbs-img-image   rbs-lightbox \" ><div class=\"rbs-img-thumbs\"  data-thumbnail=\"https:\/\/delight.hr\/delight\/wp-content\/uploads\/2022\/07\/jelena7.jpg\"  title=\"jelena7\"  data-width=\"1200\"  data-height=\"1800\" ><\/div><div class=\"rbs-img-data-popup\"  data-popup=\"https:\/\/delight.hr\/delight\/wp-content\/uploads\/2022\/07\/jelena7.jpg\"  title=\"jelena7\" ><\/div><div class=\"thumbnail-overlay\"><div class=\"rbsIcons\"><i class=\"fa fa-plus rbsZoomIcon \" ><\/i><\/div><\/div><\/div><\/div><div class=\"rbs-img  category1652 \" ><div class=\"rbs-img-image   rbs-lightbox \" ><div class=\"rbs-img-thumbs\"  data-thumbnail=\"https:\/\/delight.hr\/delight\/wp-content\/uploads\/2022\/07\/jelena8-600x1024.jpg\"  title=\"jelena8\"  data-width=\"600\"  data-height=\"1024\" ><\/div><div class=\"rbs-img-data-popup\"  data-popup=\"https:\/\/delight.hr\/delight\/wp-content\/uploads\/2022\/07\/jelena8.jpg\"  title=\"jelena8\" ><\/div><div class=\"thumbnail-overlay\"><div class=\"rbsIcons\"><i class=\"fa fa-plus rbsZoomIcon \" ><\/i><\/div><\/div><\/div><\/div><div class=\"rbs-img  category1652 \" ><div class=\"rbs-img-image   rbs-lightbox \" ><div class=\"rbs-img-thumbs\"  data-thumbnail=\"https:\/\/delight.hr\/delight\/wp-content\/uploads\/2022\/07\/jelena9-600x1024.jpg\"  title=\"jelena9\"  data-width=\"600\"  data-height=\"1024\" ><\/div><div class=\"rbs-img-data-popup\"  data-popup=\"https:\/\/delight.hr\/delight\/wp-content\/uploads\/2022\/07\/jelena9.jpg\"  title=\"jelena9\" ><\/div><div class=\"thumbnail-overlay\"><div class=\"rbsIcons\"><i class=\"fa fa-plus rbsZoomIcon \" ><\/i><\/div><\/div><\/div><\/div><div class=\"rbs-img  category1652 \" ><div class=\"rbs-img-image   rbs-lightbox \" ><div class=\"rbs-img-thumbs\"  data-thumbnail=\"https:\/\/delight.hr\/delight\/wp-content\/uploads\/2022\/07\/jelena10-600x1024.jpg\"  title=\"jelena10\"  data-width=\"600\"  data-height=\"1024\" ><\/div><div class=\"rbs-img-data-popup\"  data-popup=\"https:\/\/delight.hr\/delight\/wp-content\/uploads\/2022\/07\/jelena10.jpg\"  title=\"jelena10\" ><\/div><div class=\"thumbnail-overlay\"><div class=\"rbsIcons\"><i class=\"fa fa-plus rbsZoomIcon \" ><\/i><\/div><\/div><\/div><\/div><\/div><\/div><\/div><script>var rbs_gallery_6a0813d4abd53 = {\"version\":\"3.2.20\",\"id\":1652,\"class\":\"id1652\",\"roboGalleryDelay\":1000,\"mainContainer\":\"#robo_gallery_main_block_rbs_gallery_6a0813d4abd53\",\"loadingContainer\":\"#rbs_gallery_6a0813d4abd53-block-loader\",\"loadingContainerObj\":\"rbs_gallery_6a0813d4abd53-block-loader\",\"columnWidth\":\"auto\",\"columns\":3,\"resolutions\":[{\"columnWidth\":\"auto\",\"columns\":3,\"maxWidth\":960},{\"columnWidth\":\"auto\",\"columns\":2,\"maxWidth\":650},{\"columnWidth\":\"auto\",\"columns\":1,\"maxWidth\":450}],\"lightboxOptions\":{\"gallery\":{\"enabled\":true,\"tCounter\":\"%curr% of %total%\"}},\"overlayEffect\":\"direction-aware-fade\",\"boxesToLoadStart\":12,\"boxesToLoad\":8,\"waitUntilThumbLoads\":1,\"LoadingWord\":\"Loading...\",\"loadMoreWord\":\"Load More\",\"noMoreEntriesWord\":\"No More Entries\",\"horizontalSpaceBetweenBoxes\":15,\"verticalSpaceBetweenBoxes\":15,\"lazyLoad\":1,\"wrapContainer\":\"#robo-gallery-wrap-rbs_gallery_6a0813d4abd53\"};<\/script>\n\n","protected":false},"excerpt":{"rendered":"<p>LJETNA KOLEKCIJA KOJA ODI\u0160E PROZRA\u010cNOM \u017dENSTVENO\u0160\u0106U &#8211; DELIGHT BY IVAN FRI\u0160\u010cI\u0106 \u00a0 Haljine bez mane napravljene od najkvalitetnijih tkanina, idealne su za poslovne i elegantne prigode. \u00a0 Visoke ljetne temperature zavladale su gradskim ulicama, \u0161to zna\u010di da je pravo vrijeme za nadopunu garderobe novim odjevnim predmetima. Narednih nekoliko mjeseci svatko \u0107e te\u017eiti laganijoj i prozra\u010dnijoj [&hellip;]<\/p>\n","protected":false},"author":1,"featured_media":0,"parent":0,"menu_order":0,"comment_status":"closed","ping_status":"closed","template":"","meta":{"site-sidebar-layout":"default","site-content-layout":"page-builder","ast-site-content-layout":"","site-content-style":"default","site-sidebar-style":"default","ast-global-header-display":"","ast-banner-title-visibility":"","ast-main-header-display":"","ast-hfb-above-header-display":"","ast-hfb-below-header-display":"","ast-hfb-mobile-header-display":"","site-post-title":"disabled","ast-breadcrumbs-content":"","ast-featured-img":"","footer-sml-layout":"","theme-transparent-header-meta":"default","adv-header-id-meta":"","stick-header-meta":"","header-above-stick-meta":"","header-main-stick-meta":"","header-below-stick-meta":"","astra-migrate-meta-layouts":"default","ast-page-background-enabled":"default","ast-page-background-meta":{"desktop":{"background-color":"","background-image":"","background-repeat":"repeat","background-position":"center center","background-size":"auto","background-attachment":"scroll","background-type":"","background-media":"","overlay-type":"","overlay-color":"","overlay-opacity":"","overlay-gradient":""},"tablet":{"background-color":"","background-image":"","background-repeat":"repeat","background-position":"center center","background-size":"auto","background-attachment":"scroll","background-type":"","background-media":"","overlay-type":"","overlay-color":"","overlay-opacity":"","overlay-gradient":""},"mobile":{"background-color":"","background-image":"","background-repeat":"repeat","background-position":"center center","background-size":"auto","background-attachment":"scroll","background-type":"","background-media":"","overlay-type":"","overlay-color":"","overlay-opacity":"","overlay-gradient":""}},"ast-content-background-meta":{"desktop":{"background-color":"var(--ast-global-color-5)","background-image":"","background-repeat":"repeat","background-position":"center center","background-size":"auto","background-attachment":"scroll","background-type":"","background-media":"","overlay-type":"","overlay-color":"","overlay-opacity":"","overlay-gradient":""},"tablet":{"background-color":"var(--ast-global-color-5)","background-image":"","background-repeat":"repeat","background-position":"center center","background-size":"auto","background-attachment":"scroll","background-type":"","background-media":"","overlay-type":"","overlay-color":"","overlay-opacity":"","overlay-gradient":""},"mobile":{"background-color":"var(--ast-global-color-5)","background-image":"","background-repeat":"repeat","background-position":"center center","background-size":"auto","background-attachment":"scroll","background-type":"","background-media":"","overlay-type":"","overlay-color":"","overlay-opacity":"","overlay-gradient":""}},"footnotes":""},"class_list":["post-1663","page","type-page","status-publish","hentry"],"_links":{"self":[{"href":"https:\/\/delight.hr\/delight\/wp-json\/wp\/v2\/pages\/1663","targetHints":{"allow":["GET"]}}],"collection":[{"href":"https:\/\/delight.hr\/delight\/wp-json\/wp\/v2\/pages"}],"about":[{"href":"https:\/\/delight.hr\/delight\/wp-json\/wp\/v2\/types\/page"}],"author":[{"embeddable":true,"href":"https:\/\/delight.hr\/delight\/wp-json\/wp\/v2\/users\/1"}],"replies":[{"embeddable":true,"href":"https:\/\/delight.hr\/delight\/wp-json\/wp\/v2\/comments?post=1663"}],"version-history":[{"count":3,"href":"https:\/\/delight.hr\/delight\/wp-json\/wp\/v2\/pages\/1663\/revisions"}],"predecessor-version":[{"id":1666,"href":"https:\/\/delight.hr\/delight\/wp-json\/wp\/v2\/pages\/1663\/revisions\/1666"}],"wp:attachment":[{"href":"https:\/\/delight.hr\/delight\/wp-json\/wp\/v2\/media?parent=1663"}],"curies":[{"name":"wp","href":"https:\/\/api.w.org\/{rel}","templated":true}]}}