{"id":1784,"date":"2024-07-03T06:25:53","date_gmt":"2024-07-03T06:25:53","guid":{"rendered":"https:\/\/delight.hr\/delight\/?page_id=1784"},"modified":"2024-07-03T06:39:24","modified_gmt":"2024-07-03T06:39:24","slug":"ljeto-2024","status":"publish","type":"page","link":"https:\/\/delight.hr\/delight\/ljeto-2024\/","title":{"rendered":"Ljeto 2024"},"content":{"rendered":"\n\n\t<p><strong>LJETNA ELEGANCIJA U HALJINAMA DOMA\u0106EG BRENDA DELIGHT<\/strong><\/p>\n<p><strong>U\u017eivajte u ljepoti i udobnosti haljina satkanih od najfinijih prirodnih tkanina<\/strong><\/p>\n<p>Ljeto dose\u017ee svoj puni kapacitet, a samim time, pose\u017eemo za laganijim materijalima i ugodnijom odje\u0107om. Izgledati lijepo, a pritom omogu\u0107iti ko\u017ei da di\u0161e &#8211; nije nemogu\u0107e ako biramo kvalitetu u kojoj \u0107emo se osje\u0107ati dobro pa \u010dak i na ovim visokim temperaturama.<\/p>\n<p>Upravo ta ve\u0107 dobro poznata kvaliteta, dolazi iz radionice popularnog hrvatskog brenda DeLight koji uvijek priska\u010de u pomo\u0107 kada je bitno izgledati \u017eenstveno, bezvremenski i elegantno. Posve\u0107enost detaljima i samoj izradi, ne\u0161to je \u0161to ve\u0107 godinama odu\u0161evljava brojne klijentice, a vrhunski materijali, kruna su svake kolekcije, bez obzira o kojem godi\u0161njem dobu je rije\u010d.<\/p>\n<p>S obzirom da je sada ljeto koje asocira na prozra\u010dnost, lepr\u0161avost i svojevrsnu lako\u0107u postojanja, pamuk i viskoza su savr\u0161en izbor. Tako je recimo haljina Joanne idealna za svaku priliku, bila ona poslovne ili privatne prirode, s njom je nemogu\u0107e pogrije\u0161iti, a dolazi u prekrasnim ljetnim bojama kojima je te\u0161ko odoljeti i koje zaista privla\u010de pozornost.<\/p>\n<p>Zvijezda je definitivno i haljina Joanne Viscose, sastavljena od viskoznog satiniranog tkanja. Njezina ljepota i udobnost su neosporive, a na\u010din na koji \u201epada&#8221; te \u010dini \u017eensku siluetu savr\u0161enom, o\u010darava. U njoj svaki gradski, ali i morski korak postaje lagan.<\/p>\n<p>Haljina Claire je upravo onaj klasik koji bi se trebao nalaziti u sva\u010dijem ormaru, dok je haljina Zora od 100% pamuka, s podstavom od 100% pamuka, vi\u0161e od same haljine. Opipljiva kvaliteta u kojoj \u0107e se svaka \u017eena osje\u0107ati prekrasno.<\/p>\n<p>U kolekciji se nalazi i haljina Maxine od 100% viskoze, koja uz svoj decentni sjaj odi\u0161e profinjeno\u0161\u0107u na prvu.<\/p>\n<p>Posebnu pa\u017enju zaokuplja i bluza s predimenzioniranom kragnom, a ljubiteljice odijela tako\u0111er mogu odahnuti jer \u0107e svog favorita prona\u0107i u trodijelnoj ljepotici Belli koja je satkana od 100% hlane vune. Za potpuni fashion do\u017eivljaj, mogu\u0107e ga je nositi kao prsluk i hla\u010de, ili uz sako, a i u kombinaciji bez prsluka, nemogu\u0107e je pogrije\u0161iti.<\/p>\n<p>Ulice grada Zagreba savr\u0161eno su poslu\u017eile kao kulisa kampanje za \u010dije je fotografije i postprodukciju zaslu\u017ean Zvonimir Ferina, ispred \u010dijeg objektiva je pozirala manekenka Esther Beri\u0161i\u0107, dok je za frizuru glavna i odgovorna bila Sla\u0111ana Mi\u0161i\u0107, a za make up Ma\u0161a Mihalj\u010di\u0107.<\/p>\n<p>\u201eO svakoj svojoj kolekciji volim promi\u0161ljati. Ono \u0161to nas ve\u0107 godinama izdvaja su kvaliteta izrade i vrhunski materijali. Osim \u0161to moje klijentice vole izgledati lijepo i \u017eenstveno, navikle su na kvalitetu i na promi\u0161ljanje o materijalima kada govorimo o godi\u0161njem dobu. I na to sam zaista ponosan jer su to prepoznale, ve\u0107 na prvi pogled, a zatim i dodir. Kada je vani vru\u0107e, mogu\u0107e je kvalitetnim materijalom omogu\u0107iti svakoj \u017eeni da se osje\u0107a kao da ju ta odje\u0107a ne gu\u0161i, a svi znamo koliko je to zapravo bitno&#8221; dodaje Ivan Fri\u0161\u010di\u0107, dizajner, stilist i vlasnik brenda DeLight.<\/p>\n<p>&nbsp;<\/p>\n<p>Fotografije Zvonimira Ferine<\/p>\n\t<style type=\"text\/css\" scoped>.rbs_gallery_69e06d755bc6dSpinner{\r\n\t\t\t\tmargin: 50px auto;\r\n\t\t\t\twidth: 50px;\r\n\t\t\t\theight: 40px;\r\n\t\t\t\ttext-align: center;\r\n\t\t\t\tfont-size: 10px;\r\n\t\t\t}\r\n\t\t\t.rbs_gallery_69e06d755bc6dSpinner > div{\r\n\t\t\t  background-color: #333;\r\n\t\t\t  height: 100%;\r\n\t\t\t  width: 6px;\r\n\t\t\t  display: inline-block;\r\n\t\t\t  -webkit-animation: rbs_gallery_69e06d755bc6d-stretchdelay 1.2s infinite ease-in-out;\r\n\t\t\t  animation: rbs_gallery_69e06d755bc6d-stretchdelay 1.2s infinite ease-in-out;\r\n\t\t\t}\r\n\t\t\t.rbs_gallery_69e06d755bc6dSpinner .rbs_gallery_69e06d755bc6dRect2 {\r\n\t\t\t  -webkit-animation-delay: -1.1s;\r\n\t\t\t  animation-delay: -1.1s;\r\n\t\t\t}\r\n\t\t\t.rbs_gallery_69e06d755bc6dSpinner .rbs_gallery_69e06d755bc6dRect3 {\r\n\t\t\t  -webkit-animation-delay: -1.0s;\r\n\t\t\t  animation-delay: -1.0s;\r\n\t\t\t}\r\n\t\t\t.rbs_gallery_69e06d755bc6dSpinner .rbs_gallery_69e06d755bc6dRect4 {\r\n\t\t\t  -webkit-animation-delay: -0.9s;\r\n\t\t\t  animation-delay: -0.9s;\r\n\t\t\t}\r\n\t\t\t.rbs_gallery_69e06d755bc6dSpinner .rbs_gallery_69e06d755bc6dRect5 {\r\n\t\t\t  -webkit-animation-delay: -0.8s;\r\n\t\t\t  animation-delay: -0.8s;\r\n\t\t\t}\r\n\t\t\t@-webkit-keyframes rbs_gallery_69e06d755bc6d-stretchdelay {\r\n\t\t\t  0%, 40%, 100% { -webkit-transform: scaleY(0.4) }  \r\n\t\t\t  20% { -webkit-transform: scaleY(1.0) }\r\n\t\t\t}\r\n\t\t\t@keyframes rbs_gallery_69e06d755bc6d-stretchdelay {\r\n\t\t\t  0%, 40%, 100% { \r\n\t\t\t    transform: scaleY(0.4);\r\n\t\t\t    -webkit-transform: scaleY(0.4);\r\n\t\t\t  }  20% { \r\n\t\t\t    transform: scaleY(1.0);\r\n\t\t\t    -webkit-transform: scaleY(1.0);\r\n\t\t\t  }\r\n\t\t\t}\r\n\t\t<\/style><div class=\"robo-gallery-wrap robo-gallery-wrap-id1805 robo-gallery-masonry\" ><div id=\"rbs_gallery_69e06d755bc6d-block-loader\" class=\"rbs_gallery_69e06d755bc6dSpinner\"><div class=\"rbs_gallery_69e06d755bc6dRect1\"><\/div> <div class=\"rbs_gallery_69e06d755bc6dRect2\"><\/div> <div class=\"rbs_gallery_69e06d755bc6dRect3\"><\/div> <div class=\"rbs_gallery_69e06d755bc6dRect4\"><\/div> <div class=\"rbs_gallery_69e06d755bc6dRect5\"><\/div><\/div><div id=\"robo_gallery_main_block_rbs_gallery_69e06d755bc6d\" class=\"robogallery-gallery-1805\" style=\"width:100%;  display: none;\"><div id=\"rbs_gallery_69e06d755bc6d\" data-options=\"rbs_gallery_69e06d755bc6d\" style=\"width:100%;\" class=\"robo_gallery  \"><div class=\"rbs-img  category1805 \" ><div class=\"rbs-img-image   rbs-lightbox \" ><div class=\"rbs-img-thumbs\"  data-thumbnail=\"https:\/\/delight.hr\/delight\/wp-content\/uploads\/2024\/07\/Delight_01-1-600x1024.jpg\"  title=\"Delight_01\"  data-width=\"600\"  data-height=\"1024\" ><\/div><div class=\"rbs-img-data-popup\"  data-popup=\"https:\/\/delight.hr\/delight\/wp-content\/uploads\/2024\/07\/Delight_01-1.jpg\"  title=\"Delight_01\" ><\/div><div class=\"thumbnail-overlay\"><div class=\"rbsIcons\"><i class=\"fa fa-plus rbsZoomIcon \" ><\/i><\/div><\/div><\/div><\/div><div class=\"rbs-img  category1805 \" ><div class=\"rbs-img-image   rbs-lightbox \" ><div class=\"rbs-img-thumbs\"  data-thumbnail=\"https:\/\/delight.hr\/delight\/wp-content\/uploads\/2024\/07\/Delight_02-1-scaled.jpg\"  title=\"Delight_02\"  data-width=\"1707\"  data-height=\"2560\" ><\/div><div class=\"rbs-img-data-popup\"  data-popup=\"https:\/\/delight.hr\/delight\/wp-content\/uploads\/2024\/07\/Delight_02-1-scaled.jpg\"  title=\"Delight_02\" ><\/div><div class=\"thumbnail-overlay\"><div class=\"rbsIcons\"><i class=\"fa fa-plus rbsZoomIcon \" ><\/i><\/div><\/div><\/div><\/div><div class=\"rbs-img  category1805 \" ><div class=\"rbs-img-image   rbs-lightbox \" ><div class=\"rbs-img-thumbs\"  data-thumbnail=\"https:\/\/delight.hr\/delight\/wp-content\/uploads\/2024\/07\/Delight_03-1-600x1024.jpg\"  title=\"Delight_03\"  data-width=\"600\"  data-height=\"1024\" ><\/div><div class=\"rbs-img-data-popup\"  data-popup=\"https:\/\/delight.hr\/delight\/wp-content\/uploads\/2024\/07\/Delight_03-1.jpg\"  title=\"Delight_03\" ><\/div><div class=\"thumbnail-overlay\"><div class=\"rbsIcons\"><i class=\"fa fa-plus rbsZoomIcon \" ><\/i><\/div><\/div><\/div><\/div><div class=\"rbs-img  category1805 \" ><div class=\"rbs-img-image   rbs-lightbox \" ><div class=\"rbs-img-thumbs\"  data-thumbnail=\"https:\/\/delight.hr\/delight\/wp-content\/uploads\/2024\/07\/Delight_04-1-600x1024.jpg\"  title=\"Delight_04\"  data-width=\"600\"  data-height=\"1024\" ><\/div><div class=\"rbs-img-data-popup\"  data-popup=\"https:\/\/delight.hr\/delight\/wp-content\/uploads\/2024\/07\/Delight_04-1-scaled.jpg\"  title=\"Delight_04\" ><\/div><div class=\"thumbnail-overlay\"><div class=\"rbsIcons\"><i class=\"fa fa-plus rbsZoomIcon \" ><\/i><\/div><\/div><\/div><\/div><div class=\"rbs-img  category1805 \" ><div class=\"rbs-img-image   rbs-lightbox \" ><div class=\"rbs-img-thumbs\"  data-thumbnail=\"https:\/\/delight.hr\/delight\/wp-content\/uploads\/2024\/07\/Delight_05-1-600x1024.jpg\"  title=\"Delight_05\"  data-width=\"600\"  data-height=\"1024\" ><\/div><div class=\"rbs-img-data-popup\"  data-popup=\"https:\/\/delight.hr\/delight\/wp-content\/uploads\/2024\/07\/Delight_05-1.jpg\"  title=\"Delight_05\" ><\/div><div class=\"thumbnail-overlay\"><div class=\"rbsIcons\"><i class=\"fa fa-plus rbsZoomIcon \" ><\/i><\/div><\/div><\/div><\/div><div class=\"rbs-img  category1805 \" ><div class=\"rbs-img-image   rbs-lightbox \" ><div class=\"rbs-img-thumbs\"  data-thumbnail=\"https:\/\/delight.hr\/delight\/wp-content\/uploads\/2024\/07\/Delight_06-1-600x1024.jpg\"  title=\"Delight_06\"  data-width=\"600\"  data-height=\"1024\" ><\/div><div class=\"rbs-img-data-popup\"  data-popup=\"https:\/\/delight.hr\/delight\/wp-content\/uploads\/2024\/07\/Delight_06-1-scaled.jpg\"  title=\"Delight_06\" ><\/div><div class=\"thumbnail-overlay\"><div class=\"rbsIcons\"><i class=\"fa fa-plus rbsZoomIcon \" ><\/i><\/div><\/div><\/div><\/div><div class=\"rbs-img  category1805 \" ><div class=\"rbs-img-image   rbs-lightbox \" ><div class=\"rbs-img-thumbs\"  data-thumbnail=\"https:\/\/delight.hr\/delight\/wp-content\/uploads\/2024\/07\/Delight_07-1.jpg\"  title=\"Delight_07\"  data-width=\"1800\"  data-height=\"2250\" ><\/div><div class=\"rbs-img-data-popup\"  data-popup=\"https:\/\/delight.hr\/delight\/wp-content\/uploads\/2024\/07\/Delight_07-1.jpg\"  title=\"Delight_07\" ><\/div><div class=\"thumbnail-overlay\"><div class=\"rbsIcons\"><i class=\"fa fa-plus rbsZoomIcon \" ><\/i><\/div><\/div><\/div><\/div><div class=\"rbs-img  category1805 \" ><div class=\"rbs-img-image   rbs-lightbox \" ><div class=\"rbs-img-thumbs\"  data-thumbnail=\"https:\/\/delight.hr\/delight\/wp-content\/uploads\/2024\/07\/Delight_08-1-600x1024.jpg\"  title=\"Delight_08\"  data-width=\"600\"  data-height=\"1024\" ><\/div><div class=\"rbs-img-data-popup\"  data-popup=\"https:\/\/delight.hr\/delight\/wp-content\/uploads\/2024\/07\/Delight_08-1-scaled.jpg\"  title=\"Delight_08\" ><\/div><div class=\"thumbnail-overlay\"><div class=\"rbsIcons\"><i class=\"fa fa-plus rbsZoomIcon \" ><\/i><\/div><\/div><\/div><\/div><div class=\"rbs-img  category1805 \" ><div class=\"rbs-img-image   rbs-lightbox \" ><div class=\"rbs-img-thumbs\"  data-thumbnail=\"https:\/\/delight.hr\/delight\/wp-content\/uploads\/2024\/07\/Delight_09-1-600x1024.jpg\"  title=\"Delight_09\"  data-width=\"600\"  data-height=\"1024\" ><\/div><div class=\"rbs-img-data-popup\"  data-popup=\"https:\/\/delight.hr\/delight\/wp-content\/uploads\/2024\/07\/Delight_09-1-scaled.jpg\"  title=\"Delight_09\" ><\/div><div class=\"thumbnail-overlay\"><div class=\"rbsIcons\"><i class=\"fa fa-plus rbsZoomIcon \" ><\/i><\/div><\/div><\/div><\/div><div class=\"rbs-img  category1805 \" ><div class=\"rbs-img-image   rbs-lightbox \" ><div class=\"rbs-img-thumbs\"  data-thumbnail=\"https:\/\/delight.hr\/delight\/wp-content\/uploads\/2024\/07\/Delight_10-1-600x1024.jpg\"  title=\"Delight_10\"  data-width=\"600\"  data-height=\"1024\" ><\/div><div class=\"rbs-img-data-popup\"  data-popup=\"https:\/\/delight.hr\/delight\/wp-content\/uploads\/2024\/07\/Delight_10-1.jpg\"  title=\"Delight_10\" ><\/div><div class=\"thumbnail-overlay\"><div class=\"rbsIcons\"><i class=\"fa fa-plus rbsZoomIcon \" ><\/i><\/div><\/div><\/div><\/div><div class=\"rbs-img  category1805 \" ><div class=\"rbs-img-image   rbs-lightbox \" ><div class=\"rbs-img-thumbs\"  data-thumbnail=\"https:\/\/delight.hr\/delight\/wp-content\/uploads\/2024\/07\/Delight_11-1-scaled.jpg\"  title=\"Delight_11\"  data-width=\"1707\"  data-height=\"2560\" ><\/div><div class=\"rbs-img-data-popup\"  data-popup=\"https:\/\/delight.hr\/delight\/wp-content\/uploads\/2024\/07\/Delight_11-1-scaled.jpg\"  title=\"Delight_11\" ><\/div><div class=\"thumbnail-overlay\"><div class=\"rbsIcons\"><i class=\"fa fa-plus rbsZoomIcon \" ><\/i><\/div><\/div><\/div><\/div><div class=\"rbs-img  category1805 \" ><div class=\"rbs-img-image   rbs-lightbox \" ><div class=\"rbs-img-thumbs\"  data-thumbnail=\"https:\/\/delight.hr\/delight\/wp-content\/uploads\/2024\/07\/Delight_12-1-600x1024.jpg\"  title=\"Delight_12\"  data-width=\"600\"  data-height=\"1024\" ><\/div><div class=\"rbs-img-data-popup\"  data-popup=\"https:\/\/delight.hr\/delight\/wp-content\/uploads\/2024\/07\/Delight_12-1.jpg\"  title=\"Delight_12\" ><\/div><div class=\"thumbnail-overlay\"><div class=\"rbsIcons\"><i class=\"fa fa-plus rbsZoomIcon \" ><\/i><\/div><\/div><\/div><\/div><div class=\"rbs-img  category1805 \" ><div class=\"rbs-img-image   rbs-lightbox \" ><div class=\"rbs-img-thumbs\"  data-thumbnail=\"https:\/\/delight.hr\/delight\/wp-content\/uploads\/2024\/07\/Delight_13-1-600x1024.jpg\"  title=\"Delight_13\"  data-width=\"600\"  data-height=\"1024\" ><\/div><div class=\"rbs-img-data-popup\"  data-popup=\"https:\/\/delight.hr\/delight\/wp-content\/uploads\/2024\/07\/Delight_13-1.jpg\"  title=\"Delight_13\" ><\/div><div class=\"thumbnail-overlay\"><div class=\"rbsIcons\"><i class=\"fa fa-plus rbsZoomIcon \" ><\/i><\/div><\/div><\/div><\/div><div class=\"rbs-img  category1805 \" ><div class=\"rbs-img-image   rbs-lightbox \" ><div class=\"rbs-img-thumbs\"  data-thumbnail=\"https:\/\/delight.hr\/delight\/wp-content\/uploads\/2024\/07\/Delight_14-1-600x1024.jpg\"  title=\"Delight_14\"  data-width=\"600\"  data-height=\"1024\" ><\/div><div class=\"rbs-img-data-popup\"  data-popup=\"https:\/\/delight.hr\/delight\/wp-content\/uploads\/2024\/07\/Delight_14-1.jpg\"  title=\"Delight_14\" ><\/div><div class=\"thumbnail-overlay\"><div class=\"rbsIcons\"><i class=\"fa fa-plus rbsZoomIcon \" ><\/i><\/div><\/div><\/div><\/div><div class=\"rbs-img  category1805 \" ><div class=\"rbs-img-image   rbs-lightbox \" ><div class=\"rbs-img-thumbs\"  data-thumbnail=\"https:\/\/delight.hr\/delight\/wp-content\/uploads\/2024\/07\/Delight_15-1-600x1024.jpg\"  title=\"Delight_15\"  data-width=\"600\"  data-height=\"1024\" ><\/div><div class=\"rbs-img-data-popup\"  data-popup=\"https:\/\/delight.hr\/delight\/wp-content\/uploads\/2024\/07\/Delight_15-1.jpg\"  title=\"Delight_15\" ><\/div><div class=\"thumbnail-overlay\"><div class=\"rbsIcons\"><i class=\"fa fa-plus rbsZoomIcon \" ><\/i><\/div><\/div><\/div><\/div><\/div><\/div><\/div><script>var rbs_gallery_69e06d755bc6d = {\"version\":\"3.2.20\",\"id\":1805,\"class\":\"id1805\",\"roboGalleryDelay\":1000,\"mainContainer\":\"#robo_gallery_main_block_rbs_gallery_69e06d755bc6d\",\"loadingContainer\":\"#rbs_gallery_69e06d755bc6d-block-loader\",\"loadingContainerObj\":\"rbs_gallery_69e06d755bc6d-block-loader\",\"columnWidth\":\"auto\",\"columns\":3,\"resolutions\":[{\"columnWidth\":\"auto\",\"columns\":3,\"maxWidth\":960},{\"columnWidth\":\"auto\",\"columns\":2,\"maxWidth\":650},{\"columnWidth\":\"auto\",\"columns\":1,\"maxWidth\":450}],\"lightboxOptions\":{\"gallery\":{\"enabled\":true,\"tCounter\":\"%curr% of %total%\"}},\"overlayEffect\":\"direction-aware-fade\",\"boxesToLoadStart\":12,\"boxesToLoad\":8,\"waitUntilThumbLoads\":1,\"LoadingWord\":\"Loading...\",\"loadMoreWord\":\"Load More\",\"noMoreEntriesWord\":\"No More Entries\",\"horizontalSpaceBetweenBoxes\":15,\"verticalSpaceBetweenBoxes\":15,\"lazyLoad\":1,\"wrapContainer\":\"#robo-gallery-wrap-rbs_gallery_69e06d755bc6d\"};<\/script>\n\n","protected":false},"excerpt":{"rendered":"<p>LJETNA ELEGANCIJA U HALJINAMA DOMA\u0106EG BRENDA DELIGHT U\u017eivajte u ljepoti i udobnosti haljina satkanih od najfinijih prirodnih tkanina Ljeto dose\u017ee svoj puni kapacitet, a samim time, pose\u017eemo za laganijim materijalima i ugodnijom odje\u0107om. Izgledati lijepo, a pritom omogu\u0107iti ko\u017ei da di\u0161e &#8211; nije nemogu\u0107e ako biramo kvalitetu u kojoj \u0107emo se osje\u0107ati dobro pa \u010dak [&hellip;]<\/p>\n","protected":false},"author":1,"featured_media":0,"parent":0,"menu_order":0,"comment_status":"closed","ping_status":"closed","template":"","meta":{"site-sidebar-layout":"default","site-content-layout":"page-builder","ast-site-content-layout":"full-width-container","site-content-style":"unboxed","site-sidebar-style":"unboxed","ast-global-header-display":"","ast-banner-title-visibility":"","ast-main-header-display":"","ast-hfb-above-header-display":"","ast-hfb-below-header-display":"","ast-hfb-mobile-header-display":"","site-post-title":"disabled","ast-breadcrumbs-content":"","ast-featured-img":"","footer-sml-layout":"","theme-transparent-header-meta":"default","adv-header-id-meta":"","stick-header-meta":"","header-above-stick-meta":"","header-main-stick-meta":"","header-below-stick-meta":"","astra-migrate-meta-layouts":"set","ast-page-background-enabled":"default","ast-page-background-meta":{"desktop":{"background-color":"","background-image":"","background-repeat":"repeat","background-position":"center center","background-size":"auto","background-attachment":"scroll","background-type":"","background-media":"","overlay-type":"","overlay-color":"","overlay-opacity":"","overlay-gradient":""},"tablet":{"background-color":"","background-image":"","background-repeat":"repeat","background-position":"center center","background-size":"auto","background-attachment":"scroll","background-type":"","background-media":"","overlay-type":"","overlay-color":"","overlay-opacity":"","overlay-gradient":""},"mobile":{"background-color":"","background-image":"","background-repeat":"repeat","background-position":"center center","background-size":"auto","background-attachment":"scroll","background-type":"","background-media":"","overlay-type":"","overlay-color":"","overlay-opacity":"","overlay-gradient":""}},"ast-content-background-meta":{"desktop":{"background-color":"var(--ast-global-color-5)","background-image":"","background-repeat":"repeat","background-position":"center center","background-size":"auto","background-attachment":"scroll","background-type":"","background-media":"","overlay-type":"","overlay-color":"","overlay-opacity":"","overlay-gradient":""},"tablet":{"background-color":"var(--ast-global-color-5)","background-image":"","background-repeat":"repeat","background-position":"center center","background-size":"auto","background-attachment":"scroll","background-type":"","background-media":"","overlay-type":"","overlay-color":"","overlay-opacity":"","overlay-gradient":""},"mobile":{"background-color":"var(--ast-global-color-5)","background-image":"","background-repeat":"repeat","background-position":"center center","background-size":"auto","background-attachment":"scroll","background-type":"","background-media":"","overlay-type":"","overlay-color":"","overlay-opacity":"","overlay-gradient":""}},"footnotes":""},"class_list":["post-1784","page","type-page","status-publish","hentry"],"_links":{"self":[{"href":"https:\/\/delight.hr\/delight\/wp-json\/wp\/v2\/pages\/1784","targetHints":{"allow":["GET"]}}],"collection":[{"href":"https:\/\/delight.hr\/delight\/wp-json\/wp\/v2\/pages"}],"about":[{"href":"https:\/\/delight.hr\/delight\/wp-json\/wp\/v2\/types\/page"}],"author":[{"embeddable":true,"href":"https:\/\/delight.hr\/delight\/wp-json\/wp\/v2\/users\/1"}],"replies":[{"embeddable":true,"href":"https:\/\/delight.hr\/delight\/wp-json\/wp\/v2\/comments?post=1784"}],"version-history":[{"count":5,"href":"https:\/\/delight.hr\/delight\/wp-json\/wp\/v2\/pages\/1784\/revisions"}],"predecessor-version":[{"id":1823,"href":"https:\/\/delight.hr\/delight\/wp-json\/wp\/v2\/pages\/1784\/revisions\/1823"}],"wp:attachment":[{"href":"https:\/\/delight.hr\/delight\/wp-json\/wp\/v2\/media?parent=1784"}],"curies":[{"name":"wp","href":"https:\/\/api.w.org\/{rel}","templated":true}]}}